{"id":156,"date":"2018-02-13T11:48:29","date_gmt":"2018-02-13T09:48:29","guid":{"rendered":"https:\/\/aabwell.ee\/tolkeburoo-aabwell\/"},"modified":"2026-01-19T11:38:41","modified_gmt":"2026-01-19T09:38:41","slug":"byuro-perevodov-aabwell","status":"publish","type":"page","link":"https:\/\/www.aabwell.ee\/ru\/","title":{"rendered":"\u0411\u044e\u0440\u043e \u043f\u0435\u0440\u0435\u0432\u043e\u0434\u043e\u0432 Aabwell"},"content":{"rendered":"<p>Aabwell T\u00f5lkeb\u00fcroo \u2013 \u043a\u0430\u0447\u0435\u0441\u0442\u0432\u0435\u043d\u043d\u044b\u0435 \u0443\u0441\u043b\u0443\u0433\u0438 \u043f\u0435\u0440\u0435\u0432\u043e\u0434\u0430 \u0431\u044b\u0441\u0442\u0440\u043e \u0438 \u043d\u0435\u0434\u043e\u0440\u043e\u0433\u043e. <a href=\"https:\/\/www.etbl.ee\/professionaalse-tolkija-valimaaraja-ja-milliseid-oskusi-nouab-tolkija-elukutse\/\">\u0425\u043e\u0440\u043e\u0448\u0438\u0435 \u043f\u0435\u0440\u0435\u0432\u043e\u0434\u0447\u0438\u043a\u0438<\/a> \u0438 \u0440\u0435\u0434\u0430\u043a\u0442\u043e\u0440\u044b \u0442\u0435\u043a\u0441\u0442\u043e\u0432 \u044f\u0432\u043b\u044f\u044e\u0442\u0441\u044f \u043e\u0441\u043d\u043e\u0432\u043e\u0439 \u044d\u0444\u0444\u0435\u043a\u0442\u0438\u0432\u043d\u043e\u0441\u0442\u0438 \u043f\u0435\u0440\u0435\u0432\u043e\u0434\u0447\u0435\u0441\u043a\u043e\u0439 \u0440\u0430\u0431\u043e\u0442\u044b. \u041f\u0440\u0430\u0439\u0441-\u043b\u0438\u0441\u0442 \u043d\u0430 \u0443\u0441\u043b\u0443\u0433\u0438 \u043f\u0435\u0440\u0435\u0432\u043e\u0434\u0430 \u043c\u043e\u0436\u043d\u043e \u043d\u0430\u0439\u0442\u0438 <a href=\"https:\/\/www.aabwell.ee\/ru\/%d0%bf%d1%80%d0%b5%d0%b9%d1%81%d0%ba%d1%83%d1%80%d0%b0%d0%bd%d1%82\/\">\u0437\u0434\u0435\u0441\u044c<\/a>. NB! \u041c\u044b \u0438\u0437\u0432\u0435\u0441\u0442\u043d\u044b \u0441\u043a\u043e\u0440\u043e\u0441\u0442\u044c\u044e \u0440\u0430\u0431\u043e\u0442\u044b \u043d\u0430\u0448\u0438\u0445 \u043f\u0435\u0440\u0435\u0432\u043e\u0434\u0447\u0438\u043a\u043e\u0432, \u0438 \u043a\u0430\u0436\u0434\u044b\u0439 \u043f\u0435\u0440\u0435\u0432\u043e\u0434 \u0432\u044b\u043f\u043e\u043b\u043d\u044f\u0435\u0442\u0441\u044f \u0442\u043e\u0447\u043d\u043e \u0432 \u0441\u0440\u043e\u043a. \u0412\u044b\u0431\u0435\u0440\u0438\u0442\u0435 \u044f\u0437\u044b\u043a\u043e\u0432\u0443\u044e \u043f\u0430\u0440\u0443, \u043a\u043e\u0442\u043e\u0440\u0443\u044e \u043d\u0435\u043e\u0431\u0445\u043e\u0434\u0438\u043c\u043e \u043f\u0435\u0440\u0435\u0432\u0435\u0441\u0442\u0438, \u043e\u0442\u043f\u0440\u0430\u0432\u044c\u0442\u0435 \u043d\u0430\u043c \u0437\u0430\u043f\u0440\u043e\u0441 \u043d\u0430 \u043f\u0435\u0440\u0435\u0432\u043e\u0434 \u0442\u0435\u043a\u0441\u0442\u0430, \u0438 \u0432 \u0442\u0435\u0447\u0435\u043d\u0438\u0435 \u043d\u0435\u0441\u043a\u043e\u043b\u044c\u043a\u0438\u0445 \u0447\u0430\u0441\u043e\u0432 \u0432\u044b \u043f\u043e\u043b\u0443\u0447\u0438\u0442\u0435 \u0446\u0435\u043d\u043e\u0432\u043e\u0435 \u043f\u0440\u0435\u0434\u043b\u043e\u0436\u0435\u043d\u0438\u0435 \u043d\u0430 \u043f\u0435\u0440\u0435\u0432\u043e\u0434!<\/p>\n<ul>\n<li>\u0421\u0442\u043e\u0438\u043c\u043e\u0441\u0442\u044c \u043f\u0435\u0440\u0435\u0432\u043e\u0434\u043e\u0432 \u043e\u0442 10,50 \u20ac\/\u0441\u0442\u0440.<\/li>\n<li>\u041c\u044b \u043f\u0435\u0440\u0435\u0432\u043e\u0434\u0438\u043c \u0431\u043e\u043b\u0435\u0435 \u0447\u0435\u043c \u0432 70 \u044f\u0437\u044b\u043a\u043e\u0432\u044b\u0445 \u043a\u043e\u043c\u0431\u0438\u043d\u0430\u0446\u0438\u044f\u0445.<\/li>\n<li>\u0426\u0435\u043d\u043e\u0432\u043e\u0435 \u043f\u0440\u0435\u0434\u043b\u043e\u0436\u0435\u043d\u0438\u0435 \u0432 \u0440\u0430\u0431\u043e\u0447\u0438\u0435 \u0434\u043d\u0438 \u0437\u0430 \u0434\u0432\u0430 \u0447\u0430\u0441\u0430!<\/li>\n<\/ul>\n","protected":false},"excerpt":{"rendered":"<p>Aabwell T\u00f5lkeb\u00fcroo \u2013 \u043a\u0430\u0447\u0435\u0441\u0442\u0432\u0435\u043d\u043d\u044b\u0435 \u0443\u0441\u043b\u0443\u0433\u0438 \u043f\u0435\u0440\u0435\u0432\u043e\u0434\u0430 \u0431\u044b\u0441\u0442\u0440\u043e \u0438 \u043d\u0435\u0434\u043e\u0440\u043e\u0433\u043e. <a href=\"https:\/\/www.etbl.ee\/professionaalse-tolkija-valimaaraja-ja-milliseid-oskusi-nouab-tolkija-elukutse\/\">\u0425\u043e\u0440\u043e\u0448\u0438\u0435 \u043f\u0435\u0440\u0435\u0432\u043e\u0434\u0447\u0438\u043a\u0438<\/a> \u0438 \u0440\u0435\u0434\u0430\u043a\u0442\u043e\u0440\u044b \u0442\u0435\u043a\u0441\u0442\u043e\u0432 \u044f\u0432\u043b\u044f\u044e\u0442\u0441\u044f \u043e\u0441\u043d\u043e\u0432\u043e\u0439 \u044d\u0444\u0444\u0435\u043a\u0442\u0438\u0432\u043d\u043e\u0441\u0442\u0438 \u043f\u0435\u0440\u0435\u0432\u043e\u0434\u0447\u0435\u0441\u043a\u043e\u0439 \u0440\u0430\u0431\u043e\u0442\u044b. \u041f\u0440\u0430\u0439\u0441-\u043b\u0438\u0441\u0442 \u043d\u0430 \u0443\u0441\u043b\u0443\u0433\u0438 \u043f\u0435\u0440\u0435\u0432\u043e\u0434\u0430 \u043c\u043e\u0436\u043d\u043e \u043d\u0430\u0439\u0442\u0438 <a href=\"https:\/\/www.aabwell.ee\/ru\/%d0%bf%d1%80%d0%b5%d0%b9%d1%81%d0%ba%d1%83%d1%80%d0%b0%d0%bd%d1%82\/\">\u0437\u0434\u0435\u0441\u044c<\/a>. NB! \u041c\u044b \u0438\u0437\u0432\u0435\u0441\u0442\u043d\u044b \u0441\u043a\u043e\u0440\u043e\u0441\u0442\u044c\u044e \u0440\u0430\u0431\u043e\u0442\u044b \u043d\u0430\u0448\u0438\u0445 \u043f\u0435\u0440\u0435\u0432\u043e\u0434\u0447\u0438\u043a\u043e\u0432, \u0438 \u043a\u0430\u0436\u0434\u044b\u0439 \u043f\u0435\u0440\u0435\u0432\u043e\u0434 \u0432\u044b\u043f\u043e\u043b\u043d\u044f\u0435\u0442\u0441\u044f \u0442\u043e\u0447\u043d\u043e \u0432 \u0441\u0440\u043e\u043a. \u0412\u044b\u0431\u0435\u0440\u0438\u0442\u0435 \u044f\u0437\u044b\u043a\u043e\u0432\u0443\u044e \u043f\u0430\u0440\u0443, \u043a\u043e\u0442\u043e\u0440\u0443\u044e \u043d\u0435\u043e\u0431\u0445\u043e\u0434\u0438\u043c\u043e \u043f\u0435\u0440\u0435\u0432\u0435\u0441\u0442\u0438, \u043e\u0442\u043f\u0440\u0430\u0432\u044c\u0442\u0435 \u043d\u0430\u043c \u0437\u0430\u043f\u0440\u043e\u0441 \u043d\u0430 \u043f\u0435\u0440\u0435\u0432\u043e\u0434 \u0442\u0435\u043a\u0441\u0442\u0430, \u0438 \u0432 \u0442\u0435\u0447\u0435\u043d\u0438\u0435 \u043d\u0435\u0441\u043a\u043e\u043b\u044c\u043a\u0438\u0445 \u0447\u0430\u0441\u043e\u0432 \u0432\u044b \u043f\u043e\u043b\u0443\u0447\u0438\u0442\u0435 \u0446\u0435\u043d\u043e\u0432\u043e\u0435 \u043f\u0440\u0435\u0434\u043b\u043e\u0436\u0435\u043d\u0438\u0435 \u043d\u0430 \u043f\u0435\u0440\u0435\u0432\u043e\u0434!<\/p>\n","protected":false},"author":1,"featured_media":0,"parent":0,"menu_order":0,"comment_status":"closed","ping_status":"closed","template":"","meta":{"_acf_changed":false,"inline_featured_image":false,"footnotes":""},"class_list":["post-156","page","type-page","status-publish","hentry"],"acf":[],"yoast_head":"<!-- This site is optimized with the Yoast SEO plugin v27.3 - https:\/\/yoast.com\/product\/yoast-seo-wordpress\/ -->\n<title>\u0411\u044e\u0440\u043e \u043f\u0435\u0440\u0435\u0432\u043e\u0434\u043e\u0432 Aabwell<\/title>\n<meta name=\"robots\" content=\"index, follow, max-snippet:-1, max-image-preview:large, max-video-preview:-1\" \/>\n<link rel=\"canonical\" href=\"https:\/\/www.aabwell.ee\/ru\/\" \/>\n<meta name=\"twitter:label1\" content=\"\u041f\u0440\u0438\u043c\u0435\u0440\u043d\u043e\u0435 \u0432\u0440\u0435\u043c\u044f \u0434\u043b\u044f \u0447\u0442\u0435\u043d\u0438\u044f\" \/>\n\t<meta name=\"twitter:data1\" content=\"1 \u043c\u0438\u043d\u0443\u0442\u0430\" \/>\n<script type=\"application\/ld+json\" class=\"yoast-schema-graph\">{\"@context\":\"https:\\\/\\\/schema.org\",\"@graph\":[{\"@type\":\"WebPage\",\"@id\":\"https:\\\/\\\/www.aabwell.ee\\\/ru\\\/\",\"url\":\"https:\\\/\\\/www.aabwell.ee\\\/ru\\\/\",\"name\":\"\u0411\u044e\u0440\u043e \u043f\u0435\u0440\u0435\u0432\u043e\u0434\u043e\u0432 Aabwell\",\"isPartOf\":{\"@id\":\"https:\\\/\\\/www.aabwell.ee\\\/ru\\\/#website\"},\"datePublished\":\"2018-02-13T09:48:29+00:00\",\"dateModified\":\"2026-01-19T09:38:41+00:00\",\"breadcrumb\":{\"@id\":\"https:\\\/\\\/www.aabwell.ee\\\/ru\\\/#breadcrumb\"},\"inLanguage\":\"ru-RU\",\"potentialAction\":[{\"@type\":\"ReadAction\",\"target\":[\"https:\\\/\\\/www.aabwell.ee\\\/ru\\\/\"]}]},{\"@type\":\"BreadcrumbList\",\"@id\":\"https:\\\/\\\/www.aabwell.ee\\\/ru\\\/#breadcrumb\",\"itemListElement\":[{\"@type\":\"ListItem\",\"position\":1,\"name\":\"Home\",\"item\":\"https:\\\/\\\/www.aabwell.ee\\\/ru\\\/\"},{\"@type\":\"ListItem\",\"position\":2,\"name\":\"\u0411\u044e\u0440\u043e \u043f\u0435\u0440\u0435\u0432\u043e\u0434\u043e\u0432 Aabwell\"}]},{\"@type\":\"WebSite\",\"@id\":\"https:\\\/\\\/www.aabwell.ee\\\/ru\\\/#website\",\"url\":\"https:\\\/\\\/www.aabwell.ee\\\/ru\\\/\",\"name\":\"\u0411\u044e\u0440\u043e \u043f\u0435\u0440\u0435\u0432\u043e\u0434\u043e\u0432 Aabwell\",\"description\":\"Aabwelli t\u00f5lkeb\u00fcroo avati 2010. aastal. Meie prioriteet on s\u00f5bralikud ja pikaajalised kliendisuhted. Suudame vastu tulla ka k\u00f5ige keerulisematele t\u00f5lketeenus soovidele, pakkudes t\u00f5lkeid laias keelevalikus ning eri t\u00f5lke valdkondades. Meie kliendibaasi kuuluvad nii kodu- kui ka v\u00e4lismaised firmad- k\u00fcsi t\u00f5lketeenust siit\",\"publisher\":{\"@id\":\"https:\\\/\\\/www.aabwell.ee\\\/ru\\\/#organization\"},\"potentialAction\":[{\"@type\":\"SearchAction\",\"target\":{\"@type\":\"EntryPoint\",\"urlTemplate\":\"https:\\\/\\\/www.aabwell.ee\\\/ru\\\/?s={search_term_string}\"},\"query-input\":{\"@type\":\"PropertyValueSpecification\",\"valueRequired\":true,\"valueName\":\"search_term_string\"}}],\"inLanguage\":\"ru-RU\"},{\"@type\":\"Organization\",\"@id\":\"https:\\\/\\\/www.aabwell.ee\\\/ru\\\/#organization\",\"name\":\"Aabwell T\u00f5lkeb\u00fcroo\",\"url\":\"https:\\\/\\\/www.aabwell.ee\\\/ru\\\/\",\"logo\":{\"@type\":\"ImageObject\",\"inLanguage\":\"ru-RU\",\"@id\":\"https:\\\/\\\/www.aabwell.ee\\\/ru\\\/#\\\/schema\\\/logo\\\/image\\\/\",\"url\":\"https:\\\/\\\/www.aabwell.ee\\\/wp-content\\\/uploads\\\/2020\\\/10\\\/logo.png\",\"contentUrl\":\"https:\\\/\\\/www.aabwell.ee\\\/wp-content\\\/uploads\\\/2020\\\/10\\\/logo.png\",\"width\":231,\"height\":84,\"caption\":\"Aabwell T\u00f5lkeb\u00fcroo\"},\"image\":{\"@id\":\"https:\\\/\\\/www.aabwell.ee\\\/ru\\\/#\\\/schema\\\/logo\\\/image\\\/\"}}]}<\/script>\n<!-- \/ Yoast SEO plugin. -->","yoast_head_json":{"title":"\u0411\u044e\u0440\u043e \u043f\u0435\u0440\u0435\u0432\u043e\u0434\u043e\u0432 Aabwell","robots":{"index":"index","follow":"follow","max-snippet":"max-snippet:-1","max-image-preview":"max-image-preview:large","max-video-preview":"max-video-preview:-1"},"canonical":"https:\/\/www.aabwell.ee\/ru\/","twitter_misc":{"\u041f\u0440\u0438\u043c\u0435\u0440\u043d\u043e\u0435 \u0432\u0440\u0435\u043c\u044f \u0434\u043b\u044f \u0447\u0442\u0435\u043d\u0438\u044f":"1 \u043c\u0438\u043d\u0443\u0442\u0430"},"schema":{"@context":"https:\/\/schema.org","@graph":[{"@type":"WebPage","@id":"https:\/\/www.aabwell.ee\/ru\/","url":"https:\/\/www.aabwell.ee\/ru\/","name":"\u0411\u044e\u0440\u043e \u043f\u0435\u0440\u0435\u0432\u043e\u0434\u043e\u0432 Aabwell","isPartOf":{"@id":"https:\/\/www.aabwell.ee\/ru\/#website"},"datePublished":"2018-02-13T09:48:29+00:00","dateModified":"2026-01-19T09:38:41+00:00","breadcrumb":{"@id":"https:\/\/www.aabwell.ee\/ru\/#breadcrumb"},"inLanguage":"ru-RU","potentialAction":[{"@type":"ReadAction","target":["https:\/\/www.aabwell.ee\/ru\/"]}]},{"@type":"BreadcrumbList","@id":"https:\/\/www.aabwell.ee\/ru\/#breadcrumb","itemListElement":[{"@type":"ListItem","position":1,"name":"Home","item":"https:\/\/www.aabwell.ee\/ru\/"},{"@type":"ListItem","position":2,"name":"\u0411\u044e\u0440\u043e \u043f\u0435\u0440\u0435\u0432\u043e\u0434\u043e\u0432 Aabwell"}]},{"@type":"WebSite","@id":"https:\/\/www.aabwell.ee\/ru\/#website","url":"https:\/\/www.aabwell.ee\/ru\/","name":"\u0411\u044e\u0440\u043e \u043f\u0435\u0440\u0435\u0432\u043e\u0434\u043e\u0432 Aabwell","description":"Aabwelli t\u00f5lkeb\u00fcroo avati 2010. aastal. Meie prioriteet on s\u00f5bralikud ja pikaajalised kliendisuhted. Suudame vastu tulla ka k\u00f5ige keerulisematele t\u00f5lketeenus soovidele, pakkudes t\u00f5lkeid laias keelevalikus ning eri t\u00f5lke valdkondades. Meie kliendibaasi kuuluvad nii kodu- kui ka v\u00e4lismaised firmad- k\u00fcsi t\u00f5lketeenust siit","publisher":{"@id":"https:\/\/www.aabwell.ee\/ru\/#organization"},"potentialAction":[{"@type":"SearchAction","target":{"@type":"EntryPoint","urlTemplate":"https:\/\/www.aabwell.ee\/ru\/?s={search_term_string}"},"query-input":{"@type":"PropertyValueSpecification","valueRequired":true,"valueName":"search_term_string"}}],"inLanguage":"ru-RU"},{"@type":"Organization","@id":"https:\/\/www.aabwell.ee\/ru\/#organization","name":"Aabwell T\u00f5lkeb\u00fcroo","url":"https:\/\/www.aabwell.ee\/ru\/","logo":{"@type":"ImageObject","inLanguage":"ru-RU","@id":"https:\/\/www.aabwell.ee\/ru\/#\/schema\/logo\/image\/","url":"https:\/\/www.aabwell.ee\/wp-content\/uploads\/2020\/10\/logo.png","contentUrl":"https:\/\/www.aabwell.ee\/wp-content\/uploads\/2020\/10\/logo.png","width":231,"height":84,"caption":"Aabwell T\u00f5lkeb\u00fcroo"},"image":{"@id":"https:\/\/www.aabwell.ee\/ru\/#\/schema\/logo\/image\/"}}]}},"jetpack_sharing_enabled":true,"_links":{"self":[{"href":"https:\/\/www.aabwell.ee\/ru\/wp-json\/wp\/v2\/pages\/156","targetHints":{"allow":["GET"]}}],"collection":[{"href":"https:\/\/www.aabwell.ee\/ru\/wp-json\/wp\/v2\/pages"}],"about":[{"href":"https:\/\/www.aabwell.ee\/ru\/wp-json\/wp\/v2\/types\/page"}],"author":[{"embeddable":true,"href":"https:\/\/www.aabwell.ee\/ru\/wp-json\/wp\/v2\/users\/1"}],"replies":[{"embeddable":true,"href":"https:\/\/www.aabwell.ee\/ru\/wp-json\/wp\/v2\/comments?post=156"}],"version-history":[{"count":0,"href":"https:\/\/www.aabwell.ee\/ru\/wp-json\/wp\/v2\/pages\/156\/revisions"}],"wp:attachment":[{"href":"https:\/\/www.aabwell.ee\/ru\/wp-json\/wp\/v2\/media?parent=156"}],"curies":[{"name":"wp","href":"https:\/\/api.w.org\/{rel}","templated":true}]}}