{"id":380,"date":"2018-02-15T14:04:16","date_gmt":"2018-02-15T12:04:16","guid":{"rendered":"https:\/\/aabwell.ee\/hinnaparing\/"},"modified":"2019-11-08T14:01:32","modified_gmt":"2019-11-08T12:01:32","slug":"hintatiedustelu","status":"publish","type":"page","link":"https:\/\/www.aabwell.ee\/fi\/hintatiedustelu\/","title":{"rendered":"Hintatiedustelu"},"content":{"rendered":"\n<div class=\"wpcf7 no-js\" id=\"wpcf7-f333-o1\" lang=\"et\" dir=\"ltr\" data-wpcf7-id=\"333\">\n<div class=\"screen-reader-response\"><p role=\"status\" aria-live=\"polite\" aria-atomic=\"true\"><\/p> <ul><\/ul><\/div>\n<form action=\"\/fi\/wp-json\/wp\/v2\/pages\/380#wpcf7-f333-o1\" method=\"post\" class=\"wpcf7-form init\" aria-label=\"Contact form\" novalidate=\"novalidate\" data-status=\"init\">\n<fieldset class=\"hidden-fields-container\"><input type=\"hidden\" name=\"_wpcf7\" value=\"333\" \/><input type=\"hidden\" name=\"_wpcf7_version\" value=\"6.1.5\" \/><input type=\"hidden\" name=\"_wpcf7_locale\" value=\"et\" \/><input type=\"hidden\" name=\"_wpcf7_unit_tag\" value=\"wpcf7-f333-o1\" \/><input type=\"hidden\" name=\"_wpcf7_container_post\" value=\"0\" \/><input type=\"hidden\" name=\"_wpcf7_posted_data_hash\" value=\"\" \/><input type=\"hidden\" name=\"_wpcf7_recaptcha_response\" value=\"\" \/>\n<\/fieldset>\n<p><label>Nimi<\/label><br \/>\n<span class=\"wpcf7-form-control-wrap\" data-name=\"query_name\"><input size=\"40\" maxlength=\"400\" class=\"wpcf7-form-control wpcf7-text wpcf7-validates-as-required\" aria-required=\"true\" aria-invalid=\"false\" value=\"\" type=\"text\" name=\"query_name\" \/><\/span>\n<\/p>\n<p><label>S\u00e4hk\u00f6postiosoite<\/label><br \/>\n<span class=\"wpcf7-form-control-wrap\" data-name=\"query_mail\"><input size=\"40\" maxlength=\"400\" class=\"wpcf7-form-control wpcf7-email wpcf7-validates-as-required wpcf7-text wpcf7-validates-as-email\" aria-required=\"true\" aria-invalid=\"false\" value=\"\" type=\"email\" name=\"query_mail\" \/><\/span>\n<\/p>\n<p><label>Puhelinnumero<\/label><br \/>\n<span class=\"wpcf7-form-control-wrap\" data-name=\"query_phone\"><input size=\"40\" maxlength=\"400\" class=\"wpcf7-form-control wpcf7-tel wpcf7-text wpcf7-validates-as-tel\" aria-invalid=\"false\" value=\"\" type=\"tel\" name=\"query_phone\" \/><\/span>\n<\/p>\n<p><label>L\u00e4hdekieli<\/label><br \/>\n<span class=\"wpcf7-form-control-wrap\" data-name=\"source_language\"><select class=\"wpcf7-form-control wpcf7-select wpcf7-validates-as-required\" id=\"source-language\" aria-required=\"true\" aria-invalid=\"false\" name=\"source_language\"><option value=\"viro\">viro<\/option><option value=\"englanti\">englanti<\/option><option value=\"ven\u00e4j\u00e4\">ven\u00e4j\u00e4<\/option><option value=\"saksa\">saksa<\/option><option value=\"suomi\">suomi<\/option><option value=\"-----------\">-----------<\/option><option value=\"bulgaria\">bulgaria<\/option><option value=\"viro\">viro<\/option><option value=\"espanja\">espanja<\/option><option value=\"hollanti\">hollanti<\/option><option value=\"englanti\">englanti<\/option><option value=\"italia\">italia<\/option><option value=\"japani\">japani<\/option><option value=\"liettua\">liettua<\/option><option value=\"latvia\">latvia<\/option><option value=\"norja\">norja<\/option><option value=\"puola\">puola<\/option><option value=\"portugali\">portugali<\/option><option value=\"ranska\">ranska<\/option><option value=\"ruotsi\">ruotsi<\/option><option value=\"saksa\">saksa<\/option><option value=\"suomi\">suomi<\/option><option value=\"tanska\">tanska<\/option><option value=\"t\u0161ekki\">t\u0161ekki<\/option><option value=\"ukraina\">ukraina<\/option><option value=\"ven\u00e4j\u00e4\">ven\u00e4j\u00e4<\/option><option value=\"ukraina\">ukraina<\/option><\/select><\/span>\n<\/p>\n<p><label>Kohdekieli<\/label><br \/>\n<span class=\"wpcf7-form-control-wrap\" data-name=\"finished_language\"><select class=\"wpcf7-form-control wpcf7-select wpcf7-validates-as-required\" id=\"finished-language\" aria-required=\"true\" aria-invalid=\"false\" name=\"finished_language\"><option value=\"viro\">viro<\/option><option value=\"englanti\">englanti<\/option><option value=\"ven\u00e4j\u00e4\">ven\u00e4j\u00e4<\/option><option value=\"saksa\">saksa<\/option><option value=\"suomi\">suomi<\/option><option value=\"-----------\">-----------<\/option><option value=\"bulgaria\">bulgaria<\/option><option value=\"viro\">viro<\/option><option value=\"espanja\">espanja<\/option><option value=\"hollanti\">hollanti<\/option><option value=\"englanti\">englanti<\/option><option value=\"italia\">italia<\/option><option value=\"japani\">japani<\/option><option value=\"liettua\">liettua<\/option><option value=\"latvia\">latvia<\/option><option value=\"norja\">norja<\/option><option value=\"puola\">puola<\/option><option value=\"portugali\">portugali<\/option><option value=\"ranska\">ranska<\/option><option value=\"ruotsi\">ruotsi<\/option><option value=\"saksa\">saksa<\/option><option value=\"suomi\">suomi<\/option><option value=\"tanska\">tanska<\/option><option value=\"t\u0161ekki\">t\u0161ekki<\/option><option value=\"ukraina\">ukraina<\/option><option value=\"ven\u00e4j\u00e4\">ven\u00e4j\u00e4<\/option><option value=\"ukraina\">ukraina<\/option><\/select><\/span>\n<\/p>\n<p><label>K\u00e4\u00e4nn\u00f6starve<\/label><br \/>\n<span class=\"wpcf7-form-control-wrap\" data-name=\"query_message\"><textarea cols=\"1\" rows=\"4\" maxlength=\"2000\" class=\"wpcf7-form-control wpcf7-textarea\" aria-invalid=\"false\" name=\"query_message\"><\/textarea><\/span>\n<\/p>\n<div class=\"file-upload\">\n\t<h5>Tiedostot\n\t<\/h5>\n\t<p>Enint\u00e4\u00e4n viisi (5) tiedostoa yht. 50 MB.\n\t<\/p>\n\t<p><span class=\"wpcf7-form-control-wrap\" data-name=\"upload-file-251\"><input size=\"40\" class=\"wpcf7-form-control wpcf7-drag-n-drop-file d-none\" aria-invalid=\"false\" type=\"file\" multiple=\"multiple\" data-name=\"upload-file-251\" data-type=\"ods|xls|xlsx|docx|pdf|pptx|ppt|jpg|png|gif|doc|rtf|txt|odf\" data-limit=\"52428800\" data-min=\"0\" data-max=\"5\" data-id=\"333\" data-version=\"free version 1.3.9.6\" accept=\".ods, .xls, .xlsx, .docx, .pdf, .pptx, .ppt, .jpg, .png, .gif, .doc, .rtf, .txt, .odf\" \/><\/span>\n\t<\/p>\n<\/div>\n<div class=\"row\">\n\t<div class=\"col-sm-12\">\n\t\n\t\t<p><span id=\"wpcf7-69e61bc77e1df-wrapper\" class=\"wpcf7-form-control-wrap email-wrap\" style=\"display:none !important; visibility:hidden !important;\"><label for=\"wpcf7-69e61bc77e1df-field\" class=\"hp-message\">Please leave this field empty.<\/label><input id=\"wpcf7-69e61bc77e1df-field\"  class=\"wpcf7-form-control wpcf7-text\" type=\"text\" name=\"email\" value=\"\" size=\"40\" tabindex=\"-1\" autocomplete=\"new-password\" \/><\/span>\n\t\t<\/p>\n\t\t<p><input class=\"wpcf7-form-control wpcf7-submit has-spinner bold uppercase\" type=\"submit\" value=\"L\u00e4het\u00e4 Hintatiedustelu\" \/>\n\t\t<\/p>\n\t<\/div>\n<\/div><div class=\"wpcf7-response-output\" aria-hidden=\"true\"><\/div>\n<\/form>\n<\/div>\n\n","protected":false},"excerpt":{"rendered":"","protected":false},"author":1,"featured_media":0,"parent":0,"menu_order":60,"comment_status":"closed","ping_status":"closed","template":"","meta":{"_acf_changed":false,"inline_featured_image":false,"footnotes":""},"class_list":["post-380","page","type-page","status-publish","hentry"],"acf":[],"yoast_head":"<!-- This site is optimized with the Yoast SEO plugin v27.3 - https:\/\/yoast.com\/product\/yoast-seo-wordpress\/ -->\n<title>Hintatiedustelu - K\u00e4\u00e4nn\u00f6stoimisto Aabwell<\/title>\n<meta name=\"robots\" content=\"index, follow, max-snippet:-1, max-image-preview:large, max-video-preview:-1\" \/>\n<link rel=\"canonical\" href=\"https:\/\/www.aabwell.ee\/fi\/hintatiedustelu\/\" \/>\n<script type=\"application\/ld+json\" class=\"yoast-schema-graph\">{\"@context\":\"https:\\\/\\\/schema.org\",\"@graph\":[{\"@type\":\"WebPage\",\"@id\":\"https:\\\/\\\/www.aabwell.ee\\\/fi\\\/hintatiedustelu\\\/\",\"url\":\"https:\\\/\\\/www.aabwell.ee\\\/fi\\\/hintatiedustelu\\\/\",\"name\":\"Hintatiedustelu - K\u00e4\u00e4nn\u00f6stoimisto Aabwell\",\"isPartOf\":{\"@id\":\"https:\\\/\\\/www.aabwell.ee\\\/fi\\\/#website\"},\"datePublished\":\"2018-02-15T12:04:16+00:00\",\"dateModified\":\"2019-11-08T12:01:32+00:00\",\"breadcrumb\":{\"@id\":\"https:\\\/\\\/www.aabwell.ee\\\/fi\\\/hintatiedustelu\\\/#breadcrumb\"},\"inLanguage\":\"fi\",\"potentialAction\":[{\"@type\":\"ReadAction\",\"target\":[\"https:\\\/\\\/www.aabwell.ee\\\/fi\\\/hintatiedustelu\\\/\"]}]},{\"@type\":\"BreadcrumbList\",\"@id\":\"https:\\\/\\\/www.aabwell.ee\\\/fi\\\/hintatiedustelu\\\/#breadcrumb\",\"itemListElement\":[{\"@type\":\"ListItem\",\"position\":1,\"name\":\"Home\",\"item\":\"https:\\\/\\\/www.aabwell.ee\\\/fi\\\/\"},{\"@type\":\"ListItem\",\"position\":2,\"name\":\"Hintatiedustelu\"}]},{\"@type\":\"WebSite\",\"@id\":\"https:\\\/\\\/www.aabwell.ee\\\/fi\\\/#website\",\"url\":\"https:\\\/\\\/www.aabwell.ee\\\/fi\\\/\",\"name\":\"K\u00e4\u00e4nn\u00f6stoimisto Aabwell\",\"description\":\"Aabwelli t\u00f5lkeb\u00fcroo avati 2010. aastal. Meie prioriteet on s\u00f5bralikud ja pikaajalised kliendisuhted. Suudame vastu tulla ka k\u00f5ige keerulisematele t\u00f5lketeenus soovidele, pakkudes t\u00f5lkeid laias keelevalikus ning eri t\u00f5lke valdkondades. Meie kliendibaasi kuuluvad nii kodu- kui ka v\u00e4lismaised firmad- k\u00fcsi t\u00f5lketeenust siit\",\"publisher\":{\"@id\":\"https:\\\/\\\/www.aabwell.ee\\\/fi\\\/#organization\"},\"potentialAction\":[{\"@type\":\"SearchAction\",\"target\":{\"@type\":\"EntryPoint\",\"urlTemplate\":\"https:\\\/\\\/www.aabwell.ee\\\/fi\\\/?s={search_term_string}\"},\"query-input\":{\"@type\":\"PropertyValueSpecification\",\"valueRequired\":true,\"valueName\":\"search_term_string\"}}],\"inLanguage\":\"fi\"},{\"@type\":\"Organization\",\"@id\":\"https:\\\/\\\/www.aabwell.ee\\\/fi\\\/#organization\",\"name\":\"Aabwell T\u00f5lkeb\u00fcroo\",\"url\":\"https:\\\/\\\/www.aabwell.ee\\\/fi\\\/\",\"logo\":{\"@type\":\"ImageObject\",\"inLanguage\":\"fi\",\"@id\":\"https:\\\/\\\/www.aabwell.ee\\\/fi\\\/#\\\/schema\\\/logo\\\/image\\\/\",\"url\":\"https:\\\/\\\/www.aabwell.ee\\\/wp-content\\\/uploads\\\/2020\\\/10\\\/logo.png\",\"contentUrl\":\"https:\\\/\\\/www.aabwell.ee\\\/wp-content\\\/uploads\\\/2020\\\/10\\\/logo.png\",\"width\":231,\"height\":84,\"caption\":\"Aabwell T\u00f5lkeb\u00fcroo\"},\"image\":{\"@id\":\"https:\\\/\\\/www.aabwell.ee\\\/fi\\\/#\\\/schema\\\/logo\\\/image\\\/\"}}]}<\/script>\n<!-- \/ Yoast SEO plugin. -->","yoast_head_json":{"title":"Hintatiedustelu - K\u00e4\u00e4nn\u00f6stoimisto Aabwell","robots":{"index":"index","follow":"follow","max-snippet":"max-snippet:-1","max-image-preview":"max-image-preview:large","max-video-preview":"max-video-preview:-1"},"canonical":"https:\/\/www.aabwell.ee\/fi\/hintatiedustelu\/","schema":{"@context":"https:\/\/schema.org","@graph":[{"@type":"WebPage","@id":"https:\/\/www.aabwell.ee\/fi\/hintatiedustelu\/","url":"https:\/\/www.aabwell.ee\/fi\/hintatiedustelu\/","name":"Hintatiedustelu - K\u00e4\u00e4nn\u00f6stoimisto Aabwell","isPartOf":{"@id":"https:\/\/www.aabwell.ee\/fi\/#website"},"datePublished":"2018-02-15T12:04:16+00:00","dateModified":"2019-11-08T12:01:32+00:00","breadcrumb":{"@id":"https:\/\/www.aabwell.ee\/fi\/hintatiedustelu\/#breadcrumb"},"inLanguage":"fi","potentialAction":[{"@type":"ReadAction","target":["https:\/\/www.aabwell.ee\/fi\/hintatiedustelu\/"]}]},{"@type":"BreadcrumbList","@id":"https:\/\/www.aabwell.ee\/fi\/hintatiedustelu\/#breadcrumb","itemListElement":[{"@type":"ListItem","position":1,"name":"Home","item":"https:\/\/www.aabwell.ee\/fi\/"},{"@type":"ListItem","position":2,"name":"Hintatiedustelu"}]},{"@type":"WebSite","@id":"https:\/\/www.aabwell.ee\/fi\/#website","url":"https:\/\/www.aabwell.ee\/fi\/","name":"K\u00e4\u00e4nn\u00f6stoimisto Aabwell","description":"Aabwelli t\u00f5lkeb\u00fcroo avati 2010. aastal. Meie prioriteet on s\u00f5bralikud ja pikaajalised kliendisuhted. Suudame vastu tulla ka k\u00f5ige keerulisematele t\u00f5lketeenus soovidele, pakkudes t\u00f5lkeid laias keelevalikus ning eri t\u00f5lke valdkondades. Meie kliendibaasi kuuluvad nii kodu- kui ka v\u00e4lismaised firmad- k\u00fcsi t\u00f5lketeenust siit","publisher":{"@id":"https:\/\/www.aabwell.ee\/fi\/#organization"},"potentialAction":[{"@type":"SearchAction","target":{"@type":"EntryPoint","urlTemplate":"https:\/\/www.aabwell.ee\/fi\/?s={search_term_string}"},"query-input":{"@type":"PropertyValueSpecification","valueRequired":true,"valueName":"search_term_string"}}],"inLanguage":"fi"},{"@type":"Organization","@id":"https:\/\/www.aabwell.ee\/fi\/#organization","name":"Aabwell T\u00f5lkeb\u00fcroo","url":"https:\/\/www.aabwell.ee\/fi\/","logo":{"@type":"ImageObject","inLanguage":"fi","@id":"https:\/\/www.aabwell.ee\/fi\/#\/schema\/logo\/image\/","url":"https:\/\/www.aabwell.ee\/wp-content\/uploads\/2020\/10\/logo.png","contentUrl":"https:\/\/www.aabwell.ee\/wp-content\/uploads\/2020\/10\/logo.png","width":231,"height":84,"caption":"Aabwell T\u00f5lkeb\u00fcroo"},"image":{"@id":"https:\/\/www.aabwell.ee\/fi\/#\/schema\/logo\/image\/"}}]}},"jetpack_sharing_enabled":true,"_links":{"self":[{"href":"https:\/\/www.aabwell.ee\/fi\/wp-json\/wp\/v2\/pages\/380","targetHints":{"allow":["GET"]}}],"collection":[{"href":"https:\/\/www.aabwell.ee\/fi\/wp-json\/wp\/v2\/pages"}],"about":[{"href":"https:\/\/www.aabwell.ee\/fi\/wp-json\/wp\/v2\/types\/page"}],"author":[{"embeddable":true,"href":"https:\/\/www.aabwell.ee\/fi\/wp-json\/wp\/v2\/users\/1"}],"replies":[{"embeddable":true,"href":"https:\/\/www.aabwell.ee\/fi\/wp-json\/wp\/v2\/comments?post=380"}],"version-history":[{"count":0,"href":"https:\/\/www.aabwell.ee\/fi\/wp-json\/wp\/v2\/pages\/380\/revisions"}],"wp:attachment":[{"href":"https:\/\/www.aabwell.ee\/fi\/wp-json\/wp\/v2\/media?parent=380"}],"curies":[{"name":"wp","href":"https:\/\/api.w.org\/{rel}","templated":true}]}}