{"id":378,"date":"2018-02-14T16:03:01","date_gmt":"2018-02-14T14:03:01","guid":{"rendered":"https:\/\/aabwell.ee\/toopakkumine\/"},"modified":"2019-11-08T14:01:23","modified_gmt":"2019-11-08T12:01:23","slug":"tyotarjous","status":"publish","type":"page","link":"https:\/\/www.aabwell.ee\/fi\/tyotarjous\/","title":{"rendered":"Ty\u00f6tarjous"},"content":{"rendered":"<blockquote><p>Tarjoamme ty\u00f6t\u00e4 eri kieliparien kokeneille k\u00e4\u00e4nt\u00e4jille ja tulkeille! Jos olet kiinnostunut yhteisty\u00f6st\u00e4, l\u00e4het\u00e4 CV:si ja katsaus k\u00e4\u00e4nt\u00e4mist\u00e4si aihealueista osoitteeseen <a href=\"mailto:info@aabwell.ee\">info@aabwell.ee<\/a>.<\/p><\/blockquote>\n<h3>Mit\u00e4 odotamme?<\/h3>\n<p>\u2022 Erinomaista kielitaitoa.<br \/>\n\u2022 Perusteellista erikoisalan tuntemusta.<br \/>\n\u2022 Velvollisuudentuntoa, tarkkuutta, virheett\u00f6myytt\u00e4 ja laatua.<\/p>\n<h3>Mit\u00e4 tarjoamme?<\/h3>\n<p>\u2022 Motivoivan palkan.<br \/>\n\u2022 Joustavan ty\u00f6ajan.<br \/>\n\u2022 Yst\u00e4v\u00e4llist\u00e4 yhteisty\u00f6t\u00e4.<\/p>\n<h3>Huomio!<\/h3>\n<p>T\u00e4ll\u00e4 hetkell\u00e4 haemme erityisesti seuraavien kieliparien k\u00e4\u00e4nt\u00e4ji\u00e4:<br \/>\nenglanti\u2013ven\u00e4j\u00e4\u2013englanti, englanti\u2013suomi\u2013englanti, englanti\u2013saksa\u2013englanti, englanti\u2013ruotsi\u2013englanti, englanti\u2013norja\u2013englanti, englanti\u2013tanska\u2013englanti, englanti\u2013hollanti\u2013englanti, englanti\u2013puola\u2013englanti, englanti\u2013t\u0161ekki\u2013englanti, englanti\u2013arabia\u2013englanti, saksa\u2013ven\u00e4j\u00e4\u2013saksa, saksa\u2013suomi\u2013saksa, suomi\u2013ruotsi\u2013suomi, saksa\u2013englanti\u2013saksa, ven\u00e4j\u00e4\u2013suomi\u2013ven\u00e4j\u00e4, ven\u00e4j\u00e4\u2013ruotsi\u2013ven\u00e4j\u00e4, ven\u00e4j\u00e4\u2013norja\u2013ven\u00e4j\u00e4.<\/p>\n<p><strong>Kysy lis\u00e4\u00e4 soittamalla numeroon +372 733 0707 tai kirjoittamalla osoitteeseen <a href=\"mailto:info@aabwell.ee\">info@aabwell.ee<\/a>.<\/strong><\/p>\n","protected":false},"excerpt":{"rendered":"<blockquote>\n<p>Tarjoamme ty\u00f6t\u00e4 eri kieliparien kokeneille k\u00e4\u00e4nt\u00e4jille ja tulkeille! Jos olet kiinnostunut yhteisty\u00f6st\u00e4, l\u00e4het\u00e4 CV:si ja katsaus k\u00e4\u00e4nt\u00e4mist\u00e4si aihealueista osoitteeseen <a href=\"mailto:info@aabwell.ee\">info@aabwell.ee<\/a>.<\/p>\n","protected":false},"author":1,"featured_media":0,"parent":0,"menu_order":40,"comment_status":"closed","ping_status":"closed","template":"","meta":{"_acf_changed":false,"inline_featured_image":false,"footnotes":""},"class_list":["post-378","page","type-page","status-publish","hentry"],"acf":[],"yoast_head":"<!-- This site is optimized with the Yoast SEO plugin v27.3 - https:\/\/yoast.com\/product\/yoast-seo-wordpress\/ -->\n<title>Ty\u00f6tarjous - K\u00e4\u00e4nn\u00f6stoimisto Aabwell<\/title>\n<meta name=\"robots\" content=\"index, follow, max-snippet:-1, max-image-preview:large, max-video-preview:-1\" \/>\n<link rel=\"canonical\" href=\"https:\/\/www.aabwell.ee\/fi\/tyotarjous\/\" \/>\n<meta name=\"twitter:label1\" content=\"Arvioitu lukuaika\" \/>\n\t<meta name=\"twitter:data1\" content=\"1 minuutti\" \/>\n<script type=\"application\/ld+json\" class=\"yoast-schema-graph\">{\"@context\":\"https:\\\/\\\/schema.org\",\"@graph\":[{\"@type\":\"WebPage\",\"@id\":\"https:\\\/\\\/www.aabwell.ee\\\/fi\\\/tyotarjous\\\/\",\"url\":\"https:\\\/\\\/www.aabwell.ee\\\/fi\\\/tyotarjous\\\/\",\"name\":\"Ty\u00f6tarjous - K\u00e4\u00e4nn\u00f6stoimisto Aabwell\",\"isPartOf\":{\"@id\":\"https:\\\/\\\/www.aabwell.ee\\\/fi\\\/#website\"},\"datePublished\":\"2018-02-14T14:03:01+00:00\",\"dateModified\":\"2019-11-08T12:01:23+00:00\",\"breadcrumb\":{\"@id\":\"https:\\\/\\\/www.aabwell.ee\\\/fi\\\/tyotarjous\\\/#breadcrumb\"},\"inLanguage\":\"fi\",\"potentialAction\":[{\"@type\":\"ReadAction\",\"target\":[\"https:\\\/\\\/www.aabwell.ee\\\/fi\\\/tyotarjous\\\/\"]}]},{\"@type\":\"BreadcrumbList\",\"@id\":\"https:\\\/\\\/www.aabwell.ee\\\/fi\\\/tyotarjous\\\/#breadcrumb\",\"itemListElement\":[{\"@type\":\"ListItem\",\"position\":1,\"name\":\"Home\",\"item\":\"https:\\\/\\\/www.aabwell.ee\\\/fi\\\/\"},{\"@type\":\"ListItem\",\"position\":2,\"name\":\"Ty\u00f6tarjous\"}]},{\"@type\":\"WebSite\",\"@id\":\"https:\\\/\\\/www.aabwell.ee\\\/fi\\\/#website\",\"url\":\"https:\\\/\\\/www.aabwell.ee\\\/fi\\\/\",\"name\":\"K\u00e4\u00e4nn\u00f6stoimisto Aabwell\",\"description\":\"Aabwelli t\u00f5lkeb\u00fcroo avati 2010. aastal. Meie prioriteet on s\u00f5bralikud ja pikaajalised kliendisuhted. Suudame vastu tulla ka k\u00f5ige keerulisematele t\u00f5lketeenus soovidele, pakkudes t\u00f5lkeid laias keelevalikus ning eri t\u00f5lke valdkondades. Meie kliendibaasi kuuluvad nii kodu- kui ka v\u00e4lismaised firmad- k\u00fcsi t\u00f5lketeenust siit\",\"publisher\":{\"@id\":\"https:\\\/\\\/www.aabwell.ee\\\/fi\\\/#organization\"},\"potentialAction\":[{\"@type\":\"SearchAction\",\"target\":{\"@type\":\"EntryPoint\",\"urlTemplate\":\"https:\\\/\\\/www.aabwell.ee\\\/fi\\\/?s={search_term_string}\"},\"query-input\":{\"@type\":\"PropertyValueSpecification\",\"valueRequired\":true,\"valueName\":\"search_term_string\"}}],\"inLanguage\":\"fi\"},{\"@type\":\"Organization\",\"@id\":\"https:\\\/\\\/www.aabwell.ee\\\/fi\\\/#organization\",\"name\":\"Aabwell T\u00f5lkeb\u00fcroo\",\"url\":\"https:\\\/\\\/www.aabwell.ee\\\/fi\\\/\",\"logo\":{\"@type\":\"ImageObject\",\"inLanguage\":\"fi\",\"@id\":\"https:\\\/\\\/www.aabwell.ee\\\/fi\\\/#\\\/schema\\\/logo\\\/image\\\/\",\"url\":\"https:\\\/\\\/www.aabwell.ee\\\/wp-content\\\/uploads\\\/2020\\\/10\\\/logo.png\",\"contentUrl\":\"https:\\\/\\\/www.aabwell.ee\\\/wp-content\\\/uploads\\\/2020\\\/10\\\/logo.png\",\"width\":231,\"height\":84,\"caption\":\"Aabwell T\u00f5lkeb\u00fcroo\"},\"image\":{\"@id\":\"https:\\\/\\\/www.aabwell.ee\\\/fi\\\/#\\\/schema\\\/logo\\\/image\\\/\"}}]}<\/script>\n<!-- \/ Yoast SEO plugin. -->","yoast_head_json":{"title":"Ty\u00f6tarjous - K\u00e4\u00e4nn\u00f6stoimisto Aabwell","robots":{"index":"index","follow":"follow","max-snippet":"max-snippet:-1","max-image-preview":"max-image-preview:large","max-video-preview":"max-video-preview:-1"},"canonical":"https:\/\/www.aabwell.ee\/fi\/tyotarjous\/","twitter_misc":{"Arvioitu lukuaika":"1 minuutti"},"schema":{"@context":"https:\/\/schema.org","@graph":[{"@type":"WebPage","@id":"https:\/\/www.aabwell.ee\/fi\/tyotarjous\/","url":"https:\/\/www.aabwell.ee\/fi\/tyotarjous\/","name":"Ty\u00f6tarjous - K\u00e4\u00e4nn\u00f6stoimisto Aabwell","isPartOf":{"@id":"https:\/\/www.aabwell.ee\/fi\/#website"},"datePublished":"2018-02-14T14:03:01+00:00","dateModified":"2019-11-08T12:01:23+00:00","breadcrumb":{"@id":"https:\/\/www.aabwell.ee\/fi\/tyotarjous\/#breadcrumb"},"inLanguage":"fi","potentialAction":[{"@type":"ReadAction","target":["https:\/\/www.aabwell.ee\/fi\/tyotarjous\/"]}]},{"@type":"BreadcrumbList","@id":"https:\/\/www.aabwell.ee\/fi\/tyotarjous\/#breadcrumb","itemListElement":[{"@type":"ListItem","position":1,"name":"Home","item":"https:\/\/www.aabwell.ee\/fi\/"},{"@type":"ListItem","position":2,"name":"Ty\u00f6tarjous"}]},{"@type":"WebSite","@id":"https:\/\/www.aabwell.ee\/fi\/#website","url":"https:\/\/www.aabwell.ee\/fi\/","name":"K\u00e4\u00e4nn\u00f6stoimisto Aabwell","description":"Aabwelli t\u00f5lkeb\u00fcroo avati 2010. aastal. Meie prioriteet on s\u00f5bralikud ja pikaajalised kliendisuhted. Suudame vastu tulla ka k\u00f5ige keerulisematele t\u00f5lketeenus soovidele, pakkudes t\u00f5lkeid laias keelevalikus ning eri t\u00f5lke valdkondades. Meie kliendibaasi kuuluvad nii kodu- kui ka v\u00e4lismaised firmad- k\u00fcsi t\u00f5lketeenust siit","publisher":{"@id":"https:\/\/www.aabwell.ee\/fi\/#organization"},"potentialAction":[{"@type":"SearchAction","target":{"@type":"EntryPoint","urlTemplate":"https:\/\/www.aabwell.ee\/fi\/?s={search_term_string}"},"query-input":{"@type":"PropertyValueSpecification","valueRequired":true,"valueName":"search_term_string"}}],"inLanguage":"fi"},{"@type":"Organization","@id":"https:\/\/www.aabwell.ee\/fi\/#organization","name":"Aabwell T\u00f5lkeb\u00fcroo","url":"https:\/\/www.aabwell.ee\/fi\/","logo":{"@type":"ImageObject","inLanguage":"fi","@id":"https:\/\/www.aabwell.ee\/fi\/#\/schema\/logo\/image\/","url":"https:\/\/www.aabwell.ee\/wp-content\/uploads\/2020\/10\/logo.png","contentUrl":"https:\/\/www.aabwell.ee\/wp-content\/uploads\/2020\/10\/logo.png","width":231,"height":84,"caption":"Aabwell T\u00f5lkeb\u00fcroo"},"image":{"@id":"https:\/\/www.aabwell.ee\/fi\/#\/schema\/logo\/image\/"}}]}},"jetpack_sharing_enabled":true,"_links":{"self":[{"href":"https:\/\/www.aabwell.ee\/fi\/wp-json\/wp\/v2\/pages\/378","targetHints":{"allow":["GET"]}}],"collection":[{"href":"https:\/\/www.aabwell.ee\/fi\/wp-json\/wp\/v2\/pages"}],"about":[{"href":"https:\/\/www.aabwell.ee\/fi\/wp-json\/wp\/v2\/types\/page"}],"author":[{"embeddable":true,"href":"https:\/\/www.aabwell.ee\/fi\/wp-json\/wp\/v2\/users\/1"}],"replies":[{"embeddable":true,"href":"https:\/\/www.aabwell.ee\/fi\/wp-json\/wp\/v2\/comments?post=378"}],"version-history":[{"count":0,"href":"https:\/\/www.aabwell.ee\/fi\/wp-json\/wp\/v2\/pages\/378\/revisions"}],"wp:attachment":[{"href":"https:\/\/www.aabwell.ee\/fi\/wp-json\/wp\/v2\/media?parent=378"}],"curies":[{"name":"wp","href":"https:\/\/api.w.org\/{rel}","templated":true}]}}