{"id":375,"date":"2018-02-13T11:49:31","date_gmt":"2018-02-13T09:49:31","guid":{"rendered":"https:\/\/aabwell.ee\/hinnakiri\/"},"modified":"2024-08-07T15:30:24","modified_gmt":"2024-08-07T12:30:24","slug":"hinnasto","status":"publish","type":"page","link":"https:\/\/www.aabwell.ee\/fi\/hinnasto\/","title":{"rendered":"Hinnasto"},"content":{"rendered":"<blockquote><p>Jos yrityksesi tarvitsee usein k\u00e4\u00e4nn\u00f6spalveluita, ota rohkeasti yhteytt\u00e4. Voimme tarvittaessa solmia my\u00f6s yhteisty\u00f6sopimuksen, joka antaa sinulle useita etuja.<\/p><\/blockquote>\n<p>Jos et l\u00f6yd\u00e4 alla olevasta listasta itsellesi sopivaa kieliparia, kysy! <strong>Olemme valmiita auttamaan sinua my\u00f6s eksoottisemmissa kieliss\u00e4<\/strong>, kuten kiina, japani, bulgaria, unkari, hollanti, turkki jne. <a href=\"https:\/\/www.aabwell.ee\/fi\/kaannoksen-tilaaminen\/\">Kysy rohkeasti tarjousta!<\/a><\/p>\n<p>Alla oleva k\u00e4\u00e4nn\u00f6spalveluiden hinnasto on suuntaa antava. Lopullinen hinta riippuu monista tekij\u00f6ist\u00e4 \u2013 tekstin pituus, kielipari (esim. virosta ven\u00e4j\u00e4\u00e4n tai saksaan k\u00e4\u00e4nnett\u00e4ess\u00e4 tekstin pituus voi kasvaa 20 %), tekstin erityispiirteet, t\u00f6iden m\u00e4\u00e4r\u00e4aika jne. K\u00e4\u00e4nn\u00f6ksen pituus lasketaan aina valmiista k\u00e4\u00e4nn\u00f6ksest\u00e4, joten laskemme k\u00e4\u00e4nn\u00f6ksen lopullisen hinnan valmiin k\u00e4\u00e4nn\u00f6ksen pohjalta.<\/p>\n<p>Saadaksesi tarkemman hintatarjouksen, kirjoita osoitteeseen <a href=\"mailto:info@aabwell.ee\">info@aabwell.ee<\/a>. Teemme jokaiselle ty\u00f6lle erillisen tarjouksen!<\/p>\n","protected":false},"excerpt":{"rendered":"<blockquote>\n<p>Jos yrityksesi tarvitsee usein k\u00e4\u00e4nn\u00f6spalveluita, ota rohkeasti yhteytt\u00e4. Voimme tarvittaessa solmia my\u00f6s yhteisty\u00f6sopimuksen, joka antaa sinulle useita etuja.<\/p>\n","protected":false},"author":1,"featured_media":0,"parent":0,"menu_order":20,"comment_status":"closed","ping_status":"closed","template":"","meta":{"_acf_changed":false,"inline_featured_image":false,"footnotes":""},"class_list":["post-375","page","type-page","status-publish","hentry"],"acf":[],"yoast_head":"<!-- This site is optimized with the Yoast SEO plugin v27.3 - https:\/\/yoast.com\/product\/yoast-seo-wordpress\/ -->\n<title>Hinnasto - K\u00e4\u00e4nn\u00f6stoimisto Aabwell<\/title>\n<meta name=\"robots\" content=\"index, follow, max-snippet:-1, max-image-preview:large, max-video-preview:-1\" \/>\n<link rel=\"canonical\" href=\"https:\/\/www.aabwell.ee\/fi\/hinnasto\/\" \/>\n<meta name=\"twitter:label1\" content=\"Arvioitu lukuaika\" \/>\n\t<meta name=\"twitter:data1\" content=\"1 minuutti\" \/>\n<script type=\"application\/ld+json\" class=\"yoast-schema-graph\">{\"@context\":\"https:\\\/\\\/schema.org\",\"@graph\":[{\"@type\":\"WebPage\",\"@id\":\"https:\\\/\\\/www.aabwell.ee\\\/fi\\\/hinnasto\\\/\",\"url\":\"https:\\\/\\\/www.aabwell.ee\\\/fi\\\/hinnasto\\\/\",\"name\":\"Hinnasto - K\u00e4\u00e4nn\u00f6stoimisto Aabwell\",\"isPartOf\":{\"@id\":\"https:\\\/\\\/www.aabwell.ee\\\/fi\\\/#website\"},\"datePublished\":\"2018-02-13T09:49:31+00:00\",\"dateModified\":\"2024-08-07T12:30:24+00:00\",\"breadcrumb\":{\"@id\":\"https:\\\/\\\/www.aabwell.ee\\\/fi\\\/hinnasto\\\/#breadcrumb\"},\"inLanguage\":\"fi\",\"potentialAction\":[{\"@type\":\"ReadAction\",\"target\":[\"https:\\\/\\\/www.aabwell.ee\\\/fi\\\/hinnasto\\\/\"]}]},{\"@type\":\"BreadcrumbList\",\"@id\":\"https:\\\/\\\/www.aabwell.ee\\\/fi\\\/hinnasto\\\/#breadcrumb\",\"itemListElement\":[{\"@type\":\"ListItem\",\"position\":1,\"name\":\"Home\",\"item\":\"https:\\\/\\\/www.aabwell.ee\\\/fi\\\/\"},{\"@type\":\"ListItem\",\"position\":2,\"name\":\"Hinnasto\"}]},{\"@type\":\"WebSite\",\"@id\":\"https:\\\/\\\/www.aabwell.ee\\\/fi\\\/#website\",\"url\":\"https:\\\/\\\/www.aabwell.ee\\\/fi\\\/\",\"name\":\"K\u00e4\u00e4nn\u00f6stoimisto Aabwell\",\"description\":\"Aabwelli t\u00f5lkeb\u00fcroo avati 2010. aastal. Meie prioriteet on s\u00f5bralikud ja pikaajalised kliendisuhted. Suudame vastu tulla ka k\u00f5ige keerulisematele t\u00f5lketeenus soovidele, pakkudes t\u00f5lkeid laias keelevalikus ning eri t\u00f5lke valdkondades. Meie kliendibaasi kuuluvad nii kodu- kui ka v\u00e4lismaised firmad- k\u00fcsi t\u00f5lketeenust siit\",\"publisher\":{\"@id\":\"https:\\\/\\\/www.aabwell.ee\\\/fi\\\/#organization\"},\"potentialAction\":[{\"@type\":\"SearchAction\",\"target\":{\"@type\":\"EntryPoint\",\"urlTemplate\":\"https:\\\/\\\/www.aabwell.ee\\\/fi\\\/?s={search_term_string}\"},\"query-input\":{\"@type\":\"PropertyValueSpecification\",\"valueRequired\":true,\"valueName\":\"search_term_string\"}}],\"inLanguage\":\"fi\"},{\"@type\":\"Organization\",\"@id\":\"https:\\\/\\\/www.aabwell.ee\\\/fi\\\/#organization\",\"name\":\"Aabwell T\u00f5lkeb\u00fcroo\",\"url\":\"https:\\\/\\\/www.aabwell.ee\\\/fi\\\/\",\"logo\":{\"@type\":\"ImageObject\",\"inLanguage\":\"fi\",\"@id\":\"https:\\\/\\\/www.aabwell.ee\\\/fi\\\/#\\\/schema\\\/logo\\\/image\\\/\",\"url\":\"https:\\\/\\\/www.aabwell.ee\\\/wp-content\\\/uploads\\\/2020\\\/10\\\/logo.png\",\"contentUrl\":\"https:\\\/\\\/www.aabwell.ee\\\/wp-content\\\/uploads\\\/2020\\\/10\\\/logo.png\",\"width\":231,\"height\":84,\"caption\":\"Aabwell T\u00f5lkeb\u00fcroo\"},\"image\":{\"@id\":\"https:\\\/\\\/www.aabwell.ee\\\/fi\\\/#\\\/schema\\\/logo\\\/image\\\/\"}}]}<\/script>\n<!-- \/ Yoast SEO plugin. -->","yoast_head_json":{"title":"Hinnasto - K\u00e4\u00e4nn\u00f6stoimisto Aabwell","robots":{"index":"index","follow":"follow","max-snippet":"max-snippet:-1","max-image-preview":"max-image-preview:large","max-video-preview":"max-video-preview:-1"},"canonical":"https:\/\/www.aabwell.ee\/fi\/hinnasto\/","twitter_misc":{"Arvioitu lukuaika":"1 minuutti"},"schema":{"@context":"https:\/\/schema.org","@graph":[{"@type":"WebPage","@id":"https:\/\/www.aabwell.ee\/fi\/hinnasto\/","url":"https:\/\/www.aabwell.ee\/fi\/hinnasto\/","name":"Hinnasto - K\u00e4\u00e4nn\u00f6stoimisto Aabwell","isPartOf":{"@id":"https:\/\/www.aabwell.ee\/fi\/#website"},"datePublished":"2018-02-13T09:49:31+00:00","dateModified":"2024-08-07T12:30:24+00:00","breadcrumb":{"@id":"https:\/\/www.aabwell.ee\/fi\/hinnasto\/#breadcrumb"},"inLanguage":"fi","potentialAction":[{"@type":"ReadAction","target":["https:\/\/www.aabwell.ee\/fi\/hinnasto\/"]}]},{"@type":"BreadcrumbList","@id":"https:\/\/www.aabwell.ee\/fi\/hinnasto\/#breadcrumb","itemListElement":[{"@type":"ListItem","position":1,"name":"Home","item":"https:\/\/www.aabwell.ee\/fi\/"},{"@type":"ListItem","position":2,"name":"Hinnasto"}]},{"@type":"WebSite","@id":"https:\/\/www.aabwell.ee\/fi\/#website","url":"https:\/\/www.aabwell.ee\/fi\/","name":"K\u00e4\u00e4nn\u00f6stoimisto Aabwell","description":"Aabwelli t\u00f5lkeb\u00fcroo avati 2010. aastal. Meie prioriteet on s\u00f5bralikud ja pikaajalised kliendisuhted. Suudame vastu tulla ka k\u00f5ige keerulisematele t\u00f5lketeenus soovidele, pakkudes t\u00f5lkeid laias keelevalikus ning eri t\u00f5lke valdkondades. Meie kliendibaasi kuuluvad nii kodu- kui ka v\u00e4lismaised firmad- k\u00fcsi t\u00f5lketeenust siit","publisher":{"@id":"https:\/\/www.aabwell.ee\/fi\/#organization"},"potentialAction":[{"@type":"SearchAction","target":{"@type":"EntryPoint","urlTemplate":"https:\/\/www.aabwell.ee\/fi\/?s={search_term_string}"},"query-input":{"@type":"PropertyValueSpecification","valueRequired":true,"valueName":"search_term_string"}}],"inLanguage":"fi"},{"@type":"Organization","@id":"https:\/\/www.aabwell.ee\/fi\/#organization","name":"Aabwell T\u00f5lkeb\u00fcroo","url":"https:\/\/www.aabwell.ee\/fi\/","logo":{"@type":"ImageObject","inLanguage":"fi","@id":"https:\/\/www.aabwell.ee\/fi\/#\/schema\/logo\/image\/","url":"https:\/\/www.aabwell.ee\/wp-content\/uploads\/2020\/10\/logo.png","contentUrl":"https:\/\/www.aabwell.ee\/wp-content\/uploads\/2020\/10\/logo.png","width":231,"height":84,"caption":"Aabwell T\u00f5lkeb\u00fcroo"},"image":{"@id":"https:\/\/www.aabwell.ee\/fi\/#\/schema\/logo\/image\/"}}]}},"jetpack_sharing_enabled":true,"_links":{"self":[{"href":"https:\/\/www.aabwell.ee\/fi\/wp-json\/wp\/v2\/pages\/375","targetHints":{"allow":["GET"]}}],"collection":[{"href":"https:\/\/www.aabwell.ee\/fi\/wp-json\/wp\/v2\/pages"}],"about":[{"href":"https:\/\/www.aabwell.ee\/fi\/wp-json\/wp\/v2\/types\/page"}],"author":[{"embeddable":true,"href":"https:\/\/www.aabwell.ee\/fi\/wp-json\/wp\/v2\/users\/1"}],"replies":[{"embeddable":true,"href":"https:\/\/www.aabwell.ee\/fi\/wp-json\/wp\/v2\/comments?post=375"}],"version-history":[{"count":0,"href":"https:\/\/www.aabwell.ee\/fi\/wp-json\/wp\/v2\/pages\/375\/revisions"}],"wp:attachment":[{"href":"https:\/\/www.aabwell.ee\/fi\/wp-json\/wp\/v2\/media?parent=375"}],"curies":[{"name":"wp","href":"https:\/\/api.w.org\/{rel}","templated":true}]}}