{"id":154,"date":"2018-02-13T11:48:29","date_gmt":"2018-02-13T09:48:29","guid":{"rendered":"https:\/\/aabwell.ee\/tolkeburoo-aabwell\/"},"modified":"2026-01-19T11:36:59","modified_gmt":"2026-01-19T09:36:59","slug":"tolkeburoo-aabwell","status":"publish","type":"page","link":"https:\/\/www.aabwell.ee\/en\/","title":{"rendered":"Aabwell Translation Bureau"},"content":{"rendered":"<p>Aabwell Translation Agency \u2013 high-quality translation services quickly and affordably. <a href=\"https:\/\/www.etbl.ee\/professionaalse-tolkija-valimaaraja-ja-milliseid-oskusi-nouab-tolkija-elukutse\/\">Good translators<\/a> and text editors are the basis for effective translation work. The price list for translation services can be found <a href=\"https:\/\/www.aabwell.ee\/en\/pricelist\/\">here<\/a>. NB! We are known for the speed of our translators, and every translation is completed exactly when needed. Select the language pair you need translated, send us your text for translation, and you will receive a quote for your translation within a few hours!<\/p>\n<ul>\n<li>Translation prices from \u20ac 10.50 \u20ac\/page<\/li>\n<li>We translate to over 70 languages.<\/li>\n<li>Price quote on weekdays in two hours!<\/li>\n<\/ul>\n","protected":false},"excerpt":{"rendered":"<p>Aabwell Translation Agency \u2013 high-quality translation services quickly and affordably. <a href=\"https:\/\/www.etbl.ee\/professionaalse-tolkija-valimaaraja-ja-milliseid-oskusi-nouab-tolkija-elukutse\/\">Good translators<\/a> and text editors are the basis for effective translation work. The price list for translation services can be found <a href=\"https:\/\/www.aabwell.ee\/en\/pricelist\/\">here<\/a>. NB! We are known for the speed of our translators, and every translation is completed exactly when needed. Select the language pair you need translated, send us your text for translation, and you will receive a quote for your translation within a few hours!<\/p>\n","protected":false},"author":1,"featured_media":0,"parent":0,"menu_order":0,"comment_status":"closed","ping_status":"closed","template":"","meta":{"_acf_changed":false,"inline_featured_image":false,"footnotes":""},"class_list":["post-154","page","type-page","status-publish","hentry"],"acf":[],"yoast_head":"<!-- This site is optimized with the Yoast SEO plugin v27.3 - https:\/\/yoast.com\/product\/yoast-seo-wordpress\/ -->\n<title>Aabwell Translation Bureau<\/title>\n<meta name=\"robots\" content=\"index, follow, max-snippet:-1, max-image-preview:large, max-video-preview:-1\" \/>\n<link rel=\"canonical\" href=\"https:\/\/www.aabwell.ee\/en\/\" \/>\n<meta name=\"twitter:label1\" content=\"Est. reading time\" \/>\n\t<meta name=\"twitter:data1\" content=\"1 minute\" \/>\n<script type=\"application\/ld+json\" class=\"yoast-schema-graph\">{\"@context\":\"https:\\\/\\\/schema.org\",\"@graph\":[{\"@type\":\"WebPage\",\"@id\":\"https:\\\/\\\/www.aabwell.ee\\\/en\\\/\",\"url\":\"https:\\\/\\\/www.aabwell.ee\\\/en\\\/\",\"name\":\"Aabwell Translation Bureau\",\"isPartOf\":{\"@id\":\"https:\\\/\\\/www.aabwell.ee\\\/en\\\/#website\"},\"datePublished\":\"2018-02-13T09:48:29+00:00\",\"dateModified\":\"2026-01-19T09:36:59+00:00\",\"breadcrumb\":{\"@id\":\"https:\\\/\\\/www.aabwell.ee\\\/en\\\/#breadcrumb\"},\"inLanguage\":\"en-US\",\"potentialAction\":[{\"@type\":\"ReadAction\",\"target\":[\"https:\\\/\\\/www.aabwell.ee\\\/en\\\/\"]}]},{\"@type\":\"BreadcrumbList\",\"@id\":\"https:\\\/\\\/www.aabwell.ee\\\/en\\\/#breadcrumb\",\"itemListElement\":[{\"@type\":\"ListItem\",\"position\":1,\"name\":\"Home\",\"item\":\"https:\\\/\\\/www.aabwell.ee\\\/en\\\/\"},{\"@type\":\"ListItem\",\"position\":2,\"name\":\"Aabwell Translation Bureau\"}]},{\"@type\":\"WebSite\",\"@id\":\"https:\\\/\\\/www.aabwell.ee\\\/en\\\/#website\",\"url\":\"https:\\\/\\\/www.aabwell.ee\\\/en\\\/\",\"name\":\"Aabwell Translation Bureau\",\"description\":\"Aabwelli t\u00f5lkeb\u00fcroo avati 2010. aastal. Meie prioriteet on s\u00f5bralikud ja pikaajalised kliendisuhted. Suudame vastu tulla ka k\u00f5ige keerulisematele t\u00f5lketeenus soovidele, pakkudes t\u00f5lkeid laias keelevalikus ning eri t\u00f5lke valdkondades. Meie kliendibaasi kuuluvad nii kodu- kui ka v\u00e4lismaised firmad- k\u00fcsi t\u00f5lketeenust siit\",\"publisher\":{\"@id\":\"https:\\\/\\\/www.aabwell.ee\\\/en\\\/#organization\"},\"potentialAction\":[{\"@type\":\"SearchAction\",\"target\":{\"@type\":\"EntryPoint\",\"urlTemplate\":\"https:\\\/\\\/www.aabwell.ee\\\/en\\\/?s={search_term_string}\"},\"query-input\":{\"@type\":\"PropertyValueSpecification\",\"valueRequired\":true,\"valueName\":\"search_term_string\"}}],\"inLanguage\":\"en-US\"},{\"@type\":\"Organization\",\"@id\":\"https:\\\/\\\/www.aabwell.ee\\\/en\\\/#organization\",\"name\":\"Aabwell T\u00f5lkeb\u00fcroo\",\"url\":\"https:\\\/\\\/www.aabwell.ee\\\/en\\\/\",\"logo\":{\"@type\":\"ImageObject\",\"inLanguage\":\"en-US\",\"@id\":\"https:\\\/\\\/www.aabwell.ee\\\/en\\\/#\\\/schema\\\/logo\\\/image\\\/\",\"url\":\"https:\\\/\\\/www.aabwell.ee\\\/wp-content\\\/uploads\\\/2020\\\/10\\\/logo.png\",\"contentUrl\":\"https:\\\/\\\/www.aabwell.ee\\\/wp-content\\\/uploads\\\/2020\\\/10\\\/logo.png\",\"width\":231,\"height\":84,\"caption\":\"Aabwell T\u00f5lkeb\u00fcroo\"},\"image\":{\"@id\":\"https:\\\/\\\/www.aabwell.ee\\\/en\\\/#\\\/schema\\\/logo\\\/image\\\/\"}}]}<\/script>\n<!-- \/ Yoast SEO plugin. -->","yoast_head_json":{"title":"Aabwell Translation Bureau","robots":{"index":"index","follow":"follow","max-snippet":"max-snippet:-1","max-image-preview":"max-image-preview:large","max-video-preview":"max-video-preview:-1"},"canonical":"https:\/\/www.aabwell.ee\/en\/","twitter_misc":{"Est. reading time":"1 minute"},"schema":{"@context":"https:\/\/schema.org","@graph":[{"@type":"WebPage","@id":"https:\/\/www.aabwell.ee\/en\/","url":"https:\/\/www.aabwell.ee\/en\/","name":"Aabwell Translation Bureau","isPartOf":{"@id":"https:\/\/www.aabwell.ee\/en\/#website"},"datePublished":"2018-02-13T09:48:29+00:00","dateModified":"2026-01-19T09:36:59+00:00","breadcrumb":{"@id":"https:\/\/www.aabwell.ee\/en\/#breadcrumb"},"inLanguage":"en-US","potentialAction":[{"@type":"ReadAction","target":["https:\/\/www.aabwell.ee\/en\/"]}]},{"@type":"BreadcrumbList","@id":"https:\/\/www.aabwell.ee\/en\/#breadcrumb","itemListElement":[{"@type":"ListItem","position":1,"name":"Home","item":"https:\/\/www.aabwell.ee\/en\/"},{"@type":"ListItem","position":2,"name":"Aabwell Translation Bureau"}]},{"@type":"WebSite","@id":"https:\/\/www.aabwell.ee\/en\/#website","url":"https:\/\/www.aabwell.ee\/en\/","name":"Aabwell Translation Bureau","description":"Aabwelli t\u00f5lkeb\u00fcroo avati 2010. aastal. Meie prioriteet on s\u00f5bralikud ja pikaajalised kliendisuhted. Suudame vastu tulla ka k\u00f5ige keerulisematele t\u00f5lketeenus soovidele, pakkudes t\u00f5lkeid laias keelevalikus ning eri t\u00f5lke valdkondades. Meie kliendibaasi kuuluvad nii kodu- kui ka v\u00e4lismaised firmad- k\u00fcsi t\u00f5lketeenust siit","publisher":{"@id":"https:\/\/www.aabwell.ee\/en\/#organization"},"potentialAction":[{"@type":"SearchAction","target":{"@type":"EntryPoint","urlTemplate":"https:\/\/www.aabwell.ee\/en\/?s={search_term_string}"},"query-input":{"@type":"PropertyValueSpecification","valueRequired":true,"valueName":"search_term_string"}}],"inLanguage":"en-US"},{"@type":"Organization","@id":"https:\/\/www.aabwell.ee\/en\/#organization","name":"Aabwell T\u00f5lkeb\u00fcroo","url":"https:\/\/www.aabwell.ee\/en\/","logo":{"@type":"ImageObject","inLanguage":"en-US","@id":"https:\/\/www.aabwell.ee\/en\/#\/schema\/logo\/image\/","url":"https:\/\/www.aabwell.ee\/wp-content\/uploads\/2020\/10\/logo.png","contentUrl":"https:\/\/www.aabwell.ee\/wp-content\/uploads\/2020\/10\/logo.png","width":231,"height":84,"caption":"Aabwell T\u00f5lkeb\u00fcroo"},"image":{"@id":"https:\/\/www.aabwell.ee\/en\/#\/schema\/logo\/image\/"}}]}},"jetpack_sharing_enabled":true,"_links":{"self":[{"href":"https:\/\/www.aabwell.ee\/en\/wp-json\/wp\/v2\/pages\/154","targetHints":{"allow":["GET"]}}],"collection":[{"href":"https:\/\/www.aabwell.ee\/en\/wp-json\/wp\/v2\/pages"}],"about":[{"href":"https:\/\/www.aabwell.ee\/en\/wp-json\/wp\/v2\/types\/page"}],"author":[{"embeddable":true,"href":"https:\/\/www.aabwell.ee\/en\/wp-json\/wp\/v2\/users\/1"}],"replies":[{"embeddable":true,"href":"https:\/\/www.aabwell.ee\/en\/wp-json\/wp\/v2\/comments?post=154"}],"version-history":[{"count":0,"href":"https:\/\/www.aabwell.ee\/en\/wp-json\/wp\/v2\/pages\/154\/revisions"}],"wp:attachment":[{"href":"https:\/\/www.aabwell.ee\/en\/wp-json\/wp\/v2\/media?parent=154"}],"curies":[{"name":"wp","href":"https:\/\/api.w.org\/{rel}","templated":true}]}}