{"id":254,"date":"2018-02-14T15:55:18","date_gmt":"2018-02-14T13:55:18","guid":{"rendered":"https:\/\/aabwell.ee\/kontakt\/"},"modified":"2022-07-12T10:04:07","modified_gmt":"2022-07-12T07:04:07","slug":"kontakt","status":"publish","type":"page","link":"https:\/\/www.aabwell.ee\/de\/kontakt\/","title":{"rendered":"Kontakt"},"content":{"rendered":"","protected":false},"excerpt":{"rendered":"","protected":false},"author":1,"featured_media":0,"parent":0,"menu_order":50,"comment_status":"closed","ping_status":"closed","template":"","meta":{"_acf_changed":false,"inline_featured_image":false,"footnotes":""},"class_list":["post-254","page","type-page","status-publish","hentry"],"acf":[],"yoast_head":"<!-- This site is optimized with the Yoast SEO plugin v27.3 - https:\/\/yoast.com\/product\/yoast-seo-wordpress\/ -->\n<title>Kontakt - \u00dcbersetzungsb\u00fcro Aabwell<\/title>\n<meta name=\"robots\" content=\"index, follow, max-snippet:-1, max-image-preview:large, max-video-preview:-1\" \/>\n<link rel=\"canonical\" href=\"https:\/\/www.aabwell.ee\/de\/kontakt\/\" \/>\n<script type=\"application\/ld+json\" class=\"yoast-schema-graph\">{\"@context\":\"https:\\\/\\\/schema.org\",\"@graph\":[{\"@type\":\"WebPage\",\"@id\":\"https:\\\/\\\/www.aabwell.ee\\\/de\\\/kontakt\\\/\",\"url\":\"https:\\\/\\\/www.aabwell.ee\\\/de\\\/kontakt\\\/\",\"name\":\"Kontakt - \u00dcbersetzungsb\u00fcro Aabwell\",\"isPartOf\":{\"@id\":\"https:\\\/\\\/www.aabwell.ee\\\/de\\\/#website\"},\"datePublished\":\"2018-02-14T13:55:18+00:00\",\"dateModified\":\"2022-07-12T07:04:07+00:00\",\"breadcrumb\":{\"@id\":\"https:\\\/\\\/www.aabwell.ee\\\/de\\\/kontakt\\\/#breadcrumb\"},\"inLanguage\":\"de\",\"potentialAction\":[{\"@type\":\"ReadAction\",\"target\":[\"https:\\\/\\\/www.aabwell.ee\\\/de\\\/kontakt\\\/\"]}]},{\"@type\":\"BreadcrumbList\",\"@id\":\"https:\\\/\\\/www.aabwell.ee\\\/de\\\/kontakt\\\/#breadcrumb\",\"itemListElement\":[{\"@type\":\"ListItem\",\"position\":1,\"name\":\"Home\",\"item\":\"https:\\\/\\\/www.aabwell.ee\\\/de\\\/\"},{\"@type\":\"ListItem\",\"position\":2,\"name\":\"Kontakt\"}]},{\"@type\":\"WebSite\",\"@id\":\"https:\\\/\\\/www.aabwell.ee\\\/de\\\/#website\",\"url\":\"https:\\\/\\\/www.aabwell.ee\\\/de\\\/\",\"name\":\"\u00dcbersetzungsb\u00fcro Aabwell\",\"description\":\"Aabwelli t\u00f5lkeb\u00fcroo avati 2010. aastal. Meie prioriteet on s\u00f5bralikud ja pikaajalised kliendisuhted. Suudame vastu tulla ka k\u00f5ige keerulisematele t\u00f5lketeenus soovidele, pakkudes t\u00f5lkeid laias keelevalikus ning eri t\u00f5lke valdkondades. Meie kliendibaasi kuuluvad nii kodu- kui ka v\u00e4lismaised firmad- k\u00fcsi t\u00f5lketeenust siit\",\"publisher\":{\"@id\":\"https:\\\/\\\/www.aabwell.ee\\\/de\\\/#organization\"},\"potentialAction\":[{\"@type\":\"SearchAction\",\"target\":{\"@type\":\"EntryPoint\",\"urlTemplate\":\"https:\\\/\\\/www.aabwell.ee\\\/de\\\/?s={search_term_string}\"},\"query-input\":{\"@type\":\"PropertyValueSpecification\",\"valueRequired\":true,\"valueName\":\"search_term_string\"}}],\"inLanguage\":\"de\"},{\"@type\":\"Organization\",\"@id\":\"https:\\\/\\\/www.aabwell.ee\\\/de\\\/#organization\",\"name\":\"Aabwell T\u00f5lkeb\u00fcroo\",\"url\":\"https:\\\/\\\/www.aabwell.ee\\\/de\\\/\",\"logo\":{\"@type\":\"ImageObject\",\"inLanguage\":\"de\",\"@id\":\"https:\\\/\\\/www.aabwell.ee\\\/de\\\/#\\\/schema\\\/logo\\\/image\\\/\",\"url\":\"https:\\\/\\\/www.aabwell.ee\\\/wp-content\\\/uploads\\\/2020\\\/10\\\/logo.png\",\"contentUrl\":\"https:\\\/\\\/www.aabwell.ee\\\/wp-content\\\/uploads\\\/2020\\\/10\\\/logo.png\",\"width\":231,\"height\":84,\"caption\":\"Aabwell T\u00f5lkeb\u00fcroo\"},\"image\":{\"@id\":\"https:\\\/\\\/www.aabwell.ee\\\/de\\\/#\\\/schema\\\/logo\\\/image\\\/\"}}]}<\/script>\n<!-- \/ Yoast SEO plugin. -->","yoast_head_json":{"title":"Kontakt - \u00dcbersetzungsb\u00fcro Aabwell","robots":{"index":"index","follow":"follow","max-snippet":"max-snippet:-1","max-image-preview":"max-image-preview:large","max-video-preview":"max-video-preview:-1"},"canonical":"https:\/\/www.aabwell.ee\/de\/kontakt\/","schema":{"@context":"https:\/\/schema.org","@graph":[{"@type":"WebPage","@id":"https:\/\/www.aabwell.ee\/de\/kontakt\/","url":"https:\/\/www.aabwell.ee\/de\/kontakt\/","name":"Kontakt - \u00dcbersetzungsb\u00fcro Aabwell","isPartOf":{"@id":"https:\/\/www.aabwell.ee\/de\/#website"},"datePublished":"2018-02-14T13:55:18+00:00","dateModified":"2022-07-12T07:04:07+00:00","breadcrumb":{"@id":"https:\/\/www.aabwell.ee\/de\/kontakt\/#breadcrumb"},"inLanguage":"de","potentialAction":[{"@type":"ReadAction","target":["https:\/\/www.aabwell.ee\/de\/kontakt\/"]}]},{"@type":"BreadcrumbList","@id":"https:\/\/www.aabwell.ee\/de\/kontakt\/#breadcrumb","itemListElement":[{"@type":"ListItem","position":1,"name":"Home","item":"https:\/\/www.aabwell.ee\/de\/"},{"@type":"ListItem","position":2,"name":"Kontakt"}]},{"@type":"WebSite","@id":"https:\/\/www.aabwell.ee\/de\/#website","url":"https:\/\/www.aabwell.ee\/de\/","name":"\u00dcbersetzungsb\u00fcro Aabwell","description":"Aabwelli t\u00f5lkeb\u00fcroo avati 2010. aastal. Meie prioriteet on s\u00f5bralikud ja pikaajalised kliendisuhted. Suudame vastu tulla ka k\u00f5ige keerulisematele t\u00f5lketeenus soovidele, pakkudes t\u00f5lkeid laias keelevalikus ning eri t\u00f5lke valdkondades. Meie kliendibaasi kuuluvad nii kodu- kui ka v\u00e4lismaised firmad- k\u00fcsi t\u00f5lketeenust siit","publisher":{"@id":"https:\/\/www.aabwell.ee\/de\/#organization"},"potentialAction":[{"@type":"SearchAction","target":{"@type":"EntryPoint","urlTemplate":"https:\/\/www.aabwell.ee\/de\/?s={search_term_string}"},"query-input":{"@type":"PropertyValueSpecification","valueRequired":true,"valueName":"search_term_string"}}],"inLanguage":"de"},{"@type":"Organization","@id":"https:\/\/www.aabwell.ee\/de\/#organization","name":"Aabwell T\u00f5lkeb\u00fcroo","url":"https:\/\/www.aabwell.ee\/de\/","logo":{"@type":"ImageObject","inLanguage":"de","@id":"https:\/\/www.aabwell.ee\/de\/#\/schema\/logo\/image\/","url":"https:\/\/www.aabwell.ee\/wp-content\/uploads\/2020\/10\/logo.png","contentUrl":"https:\/\/www.aabwell.ee\/wp-content\/uploads\/2020\/10\/logo.png","width":231,"height":84,"caption":"Aabwell T\u00f5lkeb\u00fcroo"},"image":{"@id":"https:\/\/www.aabwell.ee\/de\/#\/schema\/logo\/image\/"}}]}},"jetpack_sharing_enabled":true,"_links":{"self":[{"href":"https:\/\/www.aabwell.ee\/de\/wp-json\/wp\/v2\/pages\/254","targetHints":{"allow":["GET"]}}],"collection":[{"href":"https:\/\/www.aabwell.ee\/de\/wp-json\/wp\/v2\/pages"}],"about":[{"href":"https:\/\/www.aabwell.ee\/de\/wp-json\/wp\/v2\/types\/page"}],"author":[{"embeddable":true,"href":"https:\/\/www.aabwell.ee\/de\/wp-json\/wp\/v2\/users\/1"}],"replies":[{"embeddable":true,"href":"https:\/\/www.aabwell.ee\/de\/wp-json\/wp\/v2\/comments?post=254"}],"version-history":[{"count":0,"href":"https:\/\/www.aabwell.ee\/de\/wp-json\/wp\/v2\/pages\/254\/revisions"}],"wp:attachment":[{"href":"https:\/\/www.aabwell.ee\/de\/wp-json\/wp\/v2\/media?parent=254"}],"curies":[{"name":"wp","href":"https:\/\/api.w.org\/{rel}","templated":true}]}}