{"id":150,"date":"2018-02-13T11:49:21","date_gmt":"2018-02-13T09:49:21","guid":{"rendered":"https:\/\/aabwell.ee\/tolkeburoo\/"},"modified":"2020-12-29T02:13:49","modified_gmt":"2020-12-29T00:13:49","slug":"uebersetzungsbuero","status":"publish","type":"page","link":"https:\/\/www.aabwell.ee\/de\/uebersetzungsbuero\/","title":{"rendered":"\u00dcBERSETZUNGSB\u00dcRO"},"content":{"rendered":"<h3>\u00dcBER UNS<\/h3>\n<p>Das \u00dcbersetzungsb\u00fcro Aabwell wurde im Jahr 2010 er\u00f6ffnet. Unsere Priorit\u00e4t sind <strong>freundliche und langandauernde Beziehungen zu den Kunden. Wir k\u00f6nnen auch im Falle der schwierigsten W\u00fcnsche entgegenkommen<\/strong>, wir bieten \u00dcbersetzungen in einer breiten Auswahl an Sprachrichtungen und f\u00fcr verschiedene Fachbereiche an. Zu unserem Kundenstamm z\u00e4hlen sowohl einheimische als auch ausl\u00e4ndische Unternehmen. Das \u00dcbersetzungsb\u00fcro Aabwell verrichtet Dienste f\u00fcr Unternehmen und Privatpersonen. Wir sch\u00e4tzen langandauernde Beziehungen zu unseren Kunden, deshalb bieten wir unseren Stammkunden auch Verg\u00fcnstigungen an. Im Verlauf unserer T\u00e4tigkeit haben wir es vermocht, bereits mehrere Kunden unter angesehenen Unternehmen zu gewinnen, die sich mit ihren \u00dcbersetzungsw\u00fcnschen immer wieder an uns wenden.<\/p>\n<h4 style=\"color: #000000;\"><img decoding=\"async\" class=\"size-full wp-image-62 alignleft\" src=\"https:\/\/www.aabwell.ee\/wp-content\/uploads\/2018\/02\/kersti-hansen.jpg\" alt=\"\" width=\"170\" height=\"210\" \/><\/h4>\n<p><strong>Unser gro\u00dfer Wettbewerbsvorteil besteht in unseren professionellen \u00dcbersetzern, die \u00fcber eine lange und vielseitige Berufserfahrung verf\u00fcgen.<\/strong> Unser Stamm von 200 \u00dcbersetzer\/Innen garantiert einen geeigneten \u00dcbersetzer f\u00fcr \u00dcbersetzungen in jedem Bereich, dabei \u00fcbersetzt die Mehrheit der \u00dcbersetzer in ihre Muttersprache. Unsere haupts\u00e4chlichen \u00dcbersetzungsbereiche sind Technik, Recht, Wirtschaft, Handel, Medizin, Chemie und Tourismus.<\/p>\n<p>Die Auswahl an \u00dcbersetzungsdienstleistungen ist breit und umfasst schriftliche \u00dcbersetzung, Dolmetschen, Lektorat und Sprachkorrektur. Ebenso ist es m\u00f6glich, das Layout der \u00dcbersetzung dem Original m\u00f6glichst \u00e4hnlich zu gestalten. Die \u00dcbersetzung wird fristgerecht fertiggestellt, zu einem g\u00fcnstigen Preis und in guter Qualit\u00e4t. Das \u00dcbersetzungsb\u00fcro Aabwell sch\u00e4tzt jeden Kunden, bietet eine vertrauensw\u00fcrdige Partnerschaft sowie die beste Leistung auf seinem Gebiet an.<\/p>\n<h4>Kersti Hansen<\/h4>\n<h3>Vertrauensw\u00fcrdigkeit<\/h3>\n<p>Hier sind nur einige Gr\u00fcnde angef\u00fchrt, warum wir sicher sind, dass wir Ihnen hochwertige \u00dcbersetzungsarbeiten anbieten k\u00f6nnen.<\/p>\n<ul>\n<li>Engagierte \u00dcbersetzer\/Innen mit langj\u00e4hriger Erfahrung.<\/li>\n<li>Bei Bedarf suchen wir einen \u00dcbersetzer, der die Besonderheiten Ihres Fachgebiets und die exakte Terminologie kennt.<\/li>\n<li>Personalit\u00e4t der Dienstleistung \u2013 sofern Sie Stammkunde sind, versuchen wir zu gew\u00e4hrleisten, dass Ihre Arbeiten nach M\u00f6glichkeit immer vom selben \u00dcbersetzer ausgef\u00fchrt werden. Dies sichert bei den Arbeiten eine \u00e4hnliche Handschrift und eine einheitliche Qualit\u00e4t.<\/li>\n<li>Wir sch\u00e4tzen Ihren Zeitspielraum \u2013 wir planen exakt und halten uns an die versprochenen Fristen.<\/li>\n<li>Ein intensiver Prozess des Qualit\u00e4tsmanagements.<\/li>\n<li>Wir gew\u00e4hrleisten die absolute Vertraulichkeit Ihrer \u00dcbersetzungen.<\/li>\n<li>Zehn Jahre auf dem Markt und die langj\u00e4hrige Zusammenarbeit mit vielen Unternehmen zeigen die gute Zusammenarbeit mit uns und das Vertrauen in unsere Arbeit<\/li>\n<\/ul>\n<h3>Gesch\u00e4ftliche und private \u00dcbersetzungen<\/h3>\n<p>Unsere Kunden sind sowohl <a href=\"https:\/\/www.aabwell.ee\/de\/kliendid-meist\/\">Unternehmen als auch Privatpersonen<\/a>, sowohl einheimische als auch ausl\u00e4ndische Unternehmen.<\/p>\n<p>Wir sch\u00e4tzen langandauernde Beziehungen zu Kunden und damit bieten wir Ihnen im Falle einer l\u00e4ngeren Zusammenarbeit Preisverg\u00fcnstigungen an. Erkundigen Sie sich!<\/p>\n<p>Unsere Stammkunden sind auf verschiedenen Besch\u00e4ftigungsfeldern t\u00e4tig \u2013 Immobilienmakler und Werbeagenturen, staatliche Unternehmen, Firmen f\u00fcr \u00d6ffentlichkeitsarbeit, Consultingunternehmen, Universit\u00e4ten, pharmazeutische und IT-Unternehmen stellen nur eine kleine Auswahl dar.<\/p>\n<h3>Gro\u00dfer \u00dcbersetzerstamm<\/h3>\n<p>Unser Stamm von 200 \u00dcbersetzern garantiert Ihnen, dass sich ein \u00dcbersetzer mit ihrem fachlichen Bereich besch\u00e4ftigt, der diesen Fachbereich beherrscht. Nicht weniger wichtig ist auch die Tatsache, dass die meisten \u00dcbersetzer Texte in ihre Muttersprache \u00fcbersetzen \u2013 sie sind n\u00e4mlich Muttersprachler.<\/p>\n<p>Die Vielseitigkeit der \u00dcbersetzer und ihre Anzahlt erlaubt es uns, \u00dcbersetzungen aus einer breiten Sprachauswahl anzunehmen, die komplizierte Fachkenntnisse erfordern.<\/p>\n<h3>Viel Erfahrung und eine weite Sprachauswahl<\/h3>\n<h4>Unsere haupts\u00e4chlichen \u00dcbersetzungsbereiche sind:<\/h4>\n<ul>\n<li>Technik,<\/li>\n<li>Recht,<\/li>\n<li>Wirtschaft,<\/li>\n<li>Handel,<\/li>\n<li>Medizin,<\/li>\n<li>Medizin,<\/li>\n<li>Tourismus.<\/li>\n<\/ul>\n<p>Wir verf\u00fcgen aber auch \u00fcber Erfahrungen in vielen anderen Fachbereichen. Wir erwarten es mit Interesse, <a href=\"https:\/\/www.aabwell.ee\/de\/kontakt\/\">die Zusammenarbeit mit Ihnen aufzunehmen!<\/a><\/p>\n<h3>Ein Partner auch f\u00fcr den Bereich weniger verbreiteter Sprachen<\/h3>\n<p>Wir sind bereit, Ihnen bei der \u00dcbersetzung <a href=\"https:\/\/www.aabwell.ee\/de\/preisliste\/\">zus\u00e4tzlich zu den verbreiteten Sprachen<\/a> auch bei exotischeren Sprachen zu helfen, z.B. Bulgarisch, Ungarisch, Niederl\u00e4ndisch, Rum\u00e4nisch, Japanisch und mehrere weitere Sprachen. <a href=\"https:\/\/www.aabwell.ee\/de\/kontakt\/\">Stellen Sie uns<\/a> eine neue und spannende Herausforderung!<\/p>\n<h4>Sicherheit<\/h4>\n<p>Wir befolgen alle im Gesetz vorgesehenen Anforderungen und nutzen Ma\u00dfnahmen, um die Vertraulichkeit Ihrer Texte und den Schutz geistigen Eigentums zu gew\u00e4hrleisten.<\/p>\n<h4>Begriffe<\/h4>\n<ul>\n<li><strong>Dolmetscher<\/strong> \u2013 Person, die m\u00fcndlich dolmetscht.<\/li>\n<li><strong>\u00dcbersetzer<\/strong> \u2013 Person, die schriftlich \u00fcbersetzt.<\/li>\n<li><strong>Ausgangs- oder Originaltext<\/strong> \u2013 vom Kunden vorgelegter Text, der in eine andere Sprache \u00fcbersetzt werden soll.<\/li>\n<li><strong>\u00dcbersetzungstext<\/strong> \u2013 in die Zielsprache \u00fcbersetzter Text.<\/li>\n<li><strong>Zielsprache<\/strong> \u2013 Sprache, in die der Text \u00fcbersetzt wird.<\/li>\n<li><strong>Ausgangssprache<\/strong> \u2013 Sprache, in der der Ausgangstext vorgelegt wird.<\/li>\n<li><strong>Endkontrolle<\/strong> \u2013 allgemeine Kontrolle eines \u00dcbersetzungstextes, die vor dem Absenden der \u00dcbersetzung an den Auftraggeber erfolgt. Es werden die Formatierung, die Rechtschreibung, m\u00f6gliche Tippfehler und die Entsprechung des \u00dcbersetzungstextes mit dem Ausgangstext \u00fcberpr\u00fcft.<\/li>\n<\/ul>\n","protected":false},"excerpt":{"rendered":"<h3>\u00dcBER UNS<\/h3>\n<p>Das \u00dcbersetzungsb\u00fcro Aabwell wurde im Jahr 2010 er\u00f6ffnet. Unsere Priorit\u00e4t sind <strong>freundliche und langandauernde Beziehungen zu den Kunden. Wir k\u00f6nnen auch im Falle der schwierigsten W\u00fcnsche entgegenkommen<\/strong>, wir bieten \u00dcbersetzungen in einer breiten Auswahl an Sprachrichtungen und f\u00fcr verschiedene Fachbereiche an. Zu unserem Kundenstamm z\u00e4hlen sowohl einheimische als auch ausl\u00e4ndische Unternehmen. Das \u00dcbersetzungsb\u00fcro Aabwell verrichtet Dienste f\u00fcr Unternehmen und Privatpersonen. Wir sch\u00e4tzen langandauernde Beziehungen zu unseren Kunden, deshalb bieten wir unseren Stammkunden auch Verg\u00fcnstigungen an. Im Verlauf unserer T\u00e4tigkeit haben wir es vermocht, bereits mehrere Kunden unter angesehenen Unternehmen zu gewinnen, die sich mit ihren \u00dcbersetzungsw\u00fcnschen immer wieder an uns wenden.<\/p>\n","protected":false},"author":1,"featured_media":0,"parent":0,"menu_order":10,"comment_status":"closed","ping_status":"closed","template":"","meta":{"_acf_changed":false,"inline_featured_image":false,"footnotes":""},"class_list":["post-150","page","type-page","status-publish","hentry"],"acf":[],"yoast_head":"<!-- This site is optimized with the Yoast SEO plugin v27.3 - https:\/\/yoast.com\/product\/yoast-seo-wordpress\/ -->\n<title>\u00dcBERSETZUNGSB\u00dcRO - \u00dcbersetzungsb\u00fcro Aabwell<\/title>\n<meta name=\"robots\" content=\"index, follow, max-snippet:-1, max-image-preview:large, max-video-preview:-1\" \/>\n<link rel=\"canonical\" href=\"https:\/\/www.aabwell.ee\/de\/uebersetzungsbuero\/\" \/>\n<meta name=\"twitter:label1\" content=\"Gesch\u00e4tzte Lesezeit\" \/>\n\t<meta name=\"twitter:data1\" content=\"4\u00a0Minuten\" \/>\n<script type=\"application\/ld+json\" class=\"yoast-schema-graph\">{\"@context\":\"https:\\\/\\\/schema.org\",\"@graph\":[{\"@type\":\"WebPage\",\"@id\":\"https:\\\/\\\/www.aabwell.ee\\\/de\\\/uebersetzungsbuero\\\/\",\"url\":\"https:\\\/\\\/www.aabwell.ee\\\/de\\\/uebersetzungsbuero\\\/\",\"name\":\"\u00dcBERSETZUNGSB\u00dcRO - \u00dcbersetzungsb\u00fcro Aabwell\",\"isPartOf\":{\"@id\":\"https:\\\/\\\/www.aabwell.ee\\\/de\\\/#website\"},\"primaryImageOfPage\":{\"@id\":\"https:\\\/\\\/www.aabwell.ee\\\/de\\\/uebersetzungsbuero\\\/#primaryimage\"},\"image\":{\"@id\":\"https:\\\/\\\/www.aabwell.ee\\\/de\\\/uebersetzungsbuero\\\/#primaryimage\"},\"thumbnailUrl\":\"https:\\\/\\\/www.aabwell.ee\\\/wp-content\\\/uploads\\\/2018\\\/02\\\/kersti-hansen.jpg\",\"datePublished\":\"2018-02-13T09:49:21+00:00\",\"dateModified\":\"2020-12-29T00:13:49+00:00\",\"breadcrumb\":{\"@id\":\"https:\\\/\\\/www.aabwell.ee\\\/de\\\/uebersetzungsbuero\\\/#breadcrumb\"},\"inLanguage\":\"de\",\"potentialAction\":[{\"@type\":\"ReadAction\",\"target\":[\"https:\\\/\\\/www.aabwell.ee\\\/de\\\/uebersetzungsbuero\\\/\"]}]},{\"@type\":\"ImageObject\",\"inLanguage\":\"de\",\"@id\":\"https:\\\/\\\/www.aabwell.ee\\\/de\\\/uebersetzungsbuero\\\/#primaryimage\",\"url\":\"https:\\\/\\\/www.aabwell.ee\\\/wp-content\\\/uploads\\\/2018\\\/02\\\/kersti-hansen.jpg\",\"contentUrl\":\"https:\\\/\\\/www.aabwell.ee\\\/wp-content\\\/uploads\\\/2018\\\/02\\\/kersti-hansen.jpg\"},{\"@type\":\"BreadcrumbList\",\"@id\":\"https:\\\/\\\/www.aabwell.ee\\\/de\\\/uebersetzungsbuero\\\/#breadcrumb\",\"itemListElement\":[{\"@type\":\"ListItem\",\"position\":1,\"name\":\"Home\",\"item\":\"https:\\\/\\\/www.aabwell.ee\\\/de\\\/\"},{\"@type\":\"ListItem\",\"position\":2,\"name\":\"\u00dcBERSETZUNGSB\u00dcRO\"}]},{\"@type\":\"WebSite\",\"@id\":\"https:\\\/\\\/www.aabwell.ee\\\/de\\\/#website\",\"url\":\"https:\\\/\\\/www.aabwell.ee\\\/de\\\/\",\"name\":\"\u00dcbersetzungsb\u00fcro Aabwell\",\"description\":\"Aabwelli t\u00f5lkeb\u00fcroo avati 2010. aastal. Meie prioriteet on s\u00f5bralikud ja pikaajalised kliendisuhted. Suudame vastu tulla ka k\u00f5ige keerulisematele t\u00f5lketeenus soovidele, pakkudes t\u00f5lkeid laias keelevalikus ning eri t\u00f5lke valdkondades. Meie kliendibaasi kuuluvad nii kodu- kui ka v\u00e4lismaised firmad- k\u00fcsi t\u00f5lketeenust siit\",\"publisher\":{\"@id\":\"https:\\\/\\\/www.aabwell.ee\\\/de\\\/#organization\"},\"potentialAction\":[{\"@type\":\"SearchAction\",\"target\":{\"@type\":\"EntryPoint\",\"urlTemplate\":\"https:\\\/\\\/www.aabwell.ee\\\/de\\\/?s={search_term_string}\"},\"query-input\":{\"@type\":\"PropertyValueSpecification\",\"valueRequired\":true,\"valueName\":\"search_term_string\"}}],\"inLanguage\":\"de\"},{\"@type\":\"Organization\",\"@id\":\"https:\\\/\\\/www.aabwell.ee\\\/de\\\/#organization\",\"name\":\"Aabwell T\u00f5lkeb\u00fcroo\",\"url\":\"https:\\\/\\\/www.aabwell.ee\\\/de\\\/\",\"logo\":{\"@type\":\"ImageObject\",\"inLanguage\":\"de\",\"@id\":\"https:\\\/\\\/www.aabwell.ee\\\/de\\\/#\\\/schema\\\/logo\\\/image\\\/\",\"url\":\"https:\\\/\\\/www.aabwell.ee\\\/wp-content\\\/uploads\\\/2020\\\/10\\\/logo.png\",\"contentUrl\":\"https:\\\/\\\/www.aabwell.ee\\\/wp-content\\\/uploads\\\/2020\\\/10\\\/logo.png\",\"width\":231,\"height\":84,\"caption\":\"Aabwell T\u00f5lkeb\u00fcroo\"},\"image\":{\"@id\":\"https:\\\/\\\/www.aabwell.ee\\\/de\\\/#\\\/schema\\\/logo\\\/image\\\/\"}}]}<\/script>\n<!-- \/ Yoast SEO plugin. -->","yoast_head_json":{"title":"\u00dcBERSETZUNGSB\u00dcRO - \u00dcbersetzungsb\u00fcro Aabwell","robots":{"index":"index","follow":"follow","max-snippet":"max-snippet:-1","max-image-preview":"max-image-preview:large","max-video-preview":"max-video-preview:-1"},"canonical":"https:\/\/www.aabwell.ee\/de\/uebersetzungsbuero\/","twitter_misc":{"Gesch\u00e4tzte Lesezeit":"4\u00a0Minuten"},"schema":{"@context":"https:\/\/schema.org","@graph":[{"@type":"WebPage","@id":"https:\/\/www.aabwell.ee\/de\/uebersetzungsbuero\/","url":"https:\/\/www.aabwell.ee\/de\/uebersetzungsbuero\/","name":"\u00dcBERSETZUNGSB\u00dcRO - \u00dcbersetzungsb\u00fcro Aabwell","isPartOf":{"@id":"https:\/\/www.aabwell.ee\/de\/#website"},"primaryImageOfPage":{"@id":"https:\/\/www.aabwell.ee\/de\/uebersetzungsbuero\/#primaryimage"},"image":{"@id":"https:\/\/www.aabwell.ee\/de\/uebersetzungsbuero\/#primaryimage"},"thumbnailUrl":"https:\/\/www.aabwell.ee\/wp-content\/uploads\/2018\/02\/kersti-hansen.jpg","datePublished":"2018-02-13T09:49:21+00:00","dateModified":"2020-12-29T00:13:49+00:00","breadcrumb":{"@id":"https:\/\/www.aabwell.ee\/de\/uebersetzungsbuero\/#breadcrumb"},"inLanguage":"de","potentialAction":[{"@type":"ReadAction","target":["https:\/\/www.aabwell.ee\/de\/uebersetzungsbuero\/"]}]},{"@type":"ImageObject","inLanguage":"de","@id":"https:\/\/www.aabwell.ee\/de\/uebersetzungsbuero\/#primaryimage","url":"https:\/\/www.aabwell.ee\/wp-content\/uploads\/2018\/02\/kersti-hansen.jpg","contentUrl":"https:\/\/www.aabwell.ee\/wp-content\/uploads\/2018\/02\/kersti-hansen.jpg"},{"@type":"BreadcrumbList","@id":"https:\/\/www.aabwell.ee\/de\/uebersetzungsbuero\/#breadcrumb","itemListElement":[{"@type":"ListItem","position":1,"name":"Home","item":"https:\/\/www.aabwell.ee\/de\/"},{"@type":"ListItem","position":2,"name":"\u00dcBERSETZUNGSB\u00dcRO"}]},{"@type":"WebSite","@id":"https:\/\/www.aabwell.ee\/de\/#website","url":"https:\/\/www.aabwell.ee\/de\/","name":"\u00dcbersetzungsb\u00fcro Aabwell","description":"Aabwelli t\u00f5lkeb\u00fcroo avati 2010. aastal. Meie prioriteet on s\u00f5bralikud ja pikaajalised kliendisuhted. Suudame vastu tulla ka k\u00f5ige keerulisematele t\u00f5lketeenus soovidele, pakkudes t\u00f5lkeid laias keelevalikus ning eri t\u00f5lke valdkondades. Meie kliendibaasi kuuluvad nii kodu- kui ka v\u00e4lismaised firmad- k\u00fcsi t\u00f5lketeenust siit","publisher":{"@id":"https:\/\/www.aabwell.ee\/de\/#organization"},"potentialAction":[{"@type":"SearchAction","target":{"@type":"EntryPoint","urlTemplate":"https:\/\/www.aabwell.ee\/de\/?s={search_term_string}"},"query-input":{"@type":"PropertyValueSpecification","valueRequired":true,"valueName":"search_term_string"}}],"inLanguage":"de"},{"@type":"Organization","@id":"https:\/\/www.aabwell.ee\/de\/#organization","name":"Aabwell T\u00f5lkeb\u00fcroo","url":"https:\/\/www.aabwell.ee\/de\/","logo":{"@type":"ImageObject","inLanguage":"de","@id":"https:\/\/www.aabwell.ee\/de\/#\/schema\/logo\/image\/","url":"https:\/\/www.aabwell.ee\/wp-content\/uploads\/2020\/10\/logo.png","contentUrl":"https:\/\/www.aabwell.ee\/wp-content\/uploads\/2020\/10\/logo.png","width":231,"height":84,"caption":"Aabwell T\u00f5lkeb\u00fcroo"},"image":{"@id":"https:\/\/www.aabwell.ee\/de\/#\/schema\/logo\/image\/"}}]}},"jetpack_sharing_enabled":true,"_links":{"self":[{"href":"https:\/\/www.aabwell.ee\/de\/wp-json\/wp\/v2\/pages\/150","targetHints":{"allow":["GET"]}}],"collection":[{"href":"https:\/\/www.aabwell.ee\/de\/wp-json\/wp\/v2\/pages"}],"about":[{"href":"https:\/\/www.aabwell.ee\/de\/wp-json\/wp\/v2\/types\/page"}],"author":[{"embeddable":true,"href":"https:\/\/www.aabwell.ee\/de\/wp-json\/wp\/v2\/users\/1"}],"replies":[{"embeddable":true,"href":"https:\/\/www.aabwell.ee\/de\/wp-json\/wp\/v2\/comments?post=150"}],"version-history":[{"count":0,"href":"https:\/\/www.aabwell.ee\/de\/wp-json\/wp\/v2\/pages\/150\/revisions"}],"wp:attachment":[{"href":"https:\/\/www.aabwell.ee\/de\/wp-json\/wp\/v2\/media?parent=150"}],"curies":[{"name":"wp","href":"https:\/\/api.w.org\/{rel}","templated":true}]}}